{"id":298,"date":"2026-03-27T08:21:36","date_gmt":"2026-03-27T07:21:36","guid":{"rendered":"https:\/\/cartamenumovil.com\/albirgarden\/?page_id=298"},"modified":"2026-03-27T15:50:59","modified_gmt":"2026-03-27T14:50:59","slug":"diners-a-theme","status":"publish","type":"page","link":"https:\/\/cartamenumovil.com\/albirgarden\/diners-a-theme\/","title":{"rendered":"D\u00ceNERS \u00c0 TH\u00c8ME EN PLEIN AIR"},"content":{"rendered":"\t\t<div data-elementor-type=\"wp-page\" data-elementor-id=\"298\" class=\"elementor elementor-298\">\n\t\t\t\t<div class=\"elementor-element elementor-element-10b0b62 e-con-full e-flex e-con e-parent\" data-id=\"10b0b62\" data-element_type=\"container\" data-e-type=\"container\" data-settings=\"{&quot;background_background&quot;:&quot;classic&quot;}\">\n\t\t\t\t<div class=\"elementor-element elementor-element-7b5daa2 elementor-widget elementor-widget-heading\" data-id=\"7b5daa2\" data-element_type=\"widget\" data-e-type=\"widget\" data-widget_type=\"heading.default\">\n\t\t\t\t\t<h2 class=\"elementor-heading-title elementor-size-default\">D\u00ceNERS \u00c0 TH\u00c8ME EN PLEIN AIR<\/h2>\t\t\t\t<\/div>\n\t\t\t\t<\/div>\n\t\t<div class=\"elementor-element elementor-element-7e37a07 e-flex e-con-boxed e-con e-parent\" data-id=\"7e37a07\" data-element_type=\"container\" data-e-type=\"container\">\n\t\t\t\t\t<div class=\"e-con-inner\">\n\t\t\t\t<div class=\"elementor-element elementor-element-7472a4c elementor-widget elementor-widget-image\" data-id=\"7472a4c\" data-element_type=\"widget\" data-e-type=\"widget\" data-widget_type=\"image.default\">\n\t\t\t\t\t\t\t\t\t\t\t\t\t\t\t<img fetchpriority=\"high\" decoding=\"async\" width=\"1810\" height=\"2560\" src=\"https:\/\/cartamenumovil.com\/albirgarden\/wp-content\/uploads\/2026\/03\/CARTA-PIZZA-GARDEN-ALBIR-GARDEN-scaled.jpg\" class=\"attachment-full size-full wp-image-425\" alt=\"\" srcset=\"https:\/\/cartamenumovil.com\/albirgarden\/wp-content\/uploads\/2026\/03\/CARTA-PIZZA-GARDEN-ALBIR-GARDEN-scaled.jpg 1810w, https:\/\/cartamenumovil.com\/albirgarden\/wp-content\/uploads\/2026\/03\/CARTA-PIZZA-GARDEN-ALBIR-GARDEN-212x300.jpg 212w, https:\/\/cartamenumovil.com\/albirgarden\/wp-content\/uploads\/2026\/03\/CARTA-PIZZA-GARDEN-ALBIR-GARDEN-724x1024.jpg 724w, https:\/\/cartamenumovil.com\/albirgarden\/wp-content\/uploads\/2026\/03\/CARTA-PIZZA-GARDEN-ALBIR-GARDEN-768x1086.jpg 768w, https:\/\/cartamenumovil.com\/albirgarden\/wp-content\/uploads\/2026\/03\/CARTA-PIZZA-GARDEN-ALBIR-GARDEN-1086x1536.jpg 1086w, https:\/\/cartamenumovil.com\/albirgarden\/wp-content\/uploads\/2026\/03\/CARTA-PIZZA-GARDEN-ALBIR-GARDEN-1448x2048.jpg 1448w\" sizes=\"(max-width: 1810px) 100vw, 1810px\" \/>\t\t\t\t\t\t\t\t\t\t\t\t\t\t\t<\/div>\n\t\t\t\t<div class=\"elementor-element elementor-element-b011863 elementor-widget elementor-widget-image\" data-id=\"b011863\" data-element_type=\"widget\" data-e-type=\"widget\" data-widget_type=\"image.default\">\n\t\t\t\t\t\t\t\t\t\t\t\t\t\t\t<img decoding=\"async\" width=\"1810\" height=\"2560\" src=\"https:\/\/cartamenumovil.com\/albirgarden\/wp-content\/uploads\/2026\/03\/CARTA-EL-ASADITO-ALBIR-GARDEN-scaled.jpg\" class=\"attachment-full size-full wp-image-424\" alt=\"\" srcset=\"https:\/\/cartamenumovil.com\/albirgarden\/wp-content\/uploads\/2026\/03\/CARTA-EL-ASADITO-ALBIR-GARDEN-scaled.jpg 1810w, https:\/\/cartamenumovil.com\/albirgarden\/wp-content\/uploads\/2026\/03\/CARTA-EL-ASADITO-ALBIR-GARDEN-212x300.jpg 212w, https:\/\/cartamenumovil.com\/albirgarden\/wp-content\/uploads\/2026\/03\/CARTA-EL-ASADITO-ALBIR-GARDEN-724x1024.jpg 724w, https:\/\/cartamenumovil.com\/albirgarden\/wp-content\/uploads\/2026\/03\/CARTA-EL-ASADITO-ALBIR-GARDEN-768x1086.jpg 768w, https:\/\/cartamenumovil.com\/albirgarden\/wp-content\/uploads\/2026\/03\/CARTA-EL-ASADITO-ALBIR-GARDEN-1086x1536.jpg 1086w, https:\/\/cartamenumovil.com\/albirgarden\/wp-content\/uploads\/2026\/03\/CARTA-EL-ASADITO-ALBIR-GARDEN-1448x2048.jpg 1448w\" sizes=\"(max-width: 1810px) 100vw, 1810px\" \/>\t\t\t\t\t\t\t\t\t\t\t\t\t\t\t<\/div>\n\t\t\t\t<div class=\"elementor-element elementor-element-b3bcb4e elementor-widget elementor-widget-image\" data-id=\"b3bcb4e\" data-element_type=\"widget\" data-e-type=\"widget\" data-widget_type=\"image.default\">\n\t\t\t\t\t\t\t\t\t\t\t\t\t\t\t<img decoding=\"async\" width=\"1810\" height=\"2560\" src=\"https:\/\/cartamenumovil.com\/albirgarden\/wp-content\/uploads\/2026\/03\/CARTA-AL-BAR-ALBIR-GARDEN-scaled.jpg\" class=\"attachment-full size-full wp-image-422\" alt=\"\" srcset=\"https:\/\/cartamenumovil.com\/albirgarden\/wp-content\/uploads\/2026\/03\/CARTA-AL-BAR-ALBIR-GARDEN-scaled.jpg 1810w, https:\/\/cartamenumovil.com\/albirgarden\/wp-content\/uploads\/2026\/03\/CARTA-AL-BAR-ALBIR-GARDEN-212x300.jpg 212w, https:\/\/cartamenumovil.com\/albirgarden\/wp-content\/uploads\/2026\/03\/CARTA-AL-BAR-ALBIR-GARDEN-724x1024.jpg 724w, https:\/\/cartamenumovil.com\/albirgarden\/wp-content\/uploads\/2026\/03\/CARTA-AL-BAR-ALBIR-GARDEN-768x1086.jpg 768w, https:\/\/cartamenumovil.com\/albirgarden\/wp-content\/uploads\/2026\/03\/CARTA-AL-BAR-ALBIR-GARDEN-1086x1536.jpg 1086w, https:\/\/cartamenumovil.com\/albirgarden\/wp-content\/uploads\/2026\/03\/CARTA-AL-BAR-ALBIR-GARDEN-1448x2048.jpg 1448w\" sizes=\"(max-width: 1810px) 100vw, 1810px\" \/>\t\t\t\t\t\t\t\t\t\t\t\t\t\t\t<\/div>\n\t\t\t\t\t<\/div>\n\t\t\t\t<\/div>\n\t\t\t\t<\/div>\n\t\t","protected":false},"excerpt":{"rendered":"<p>D\u00ceNERS \u00c0 TH\u00c8ME EN PLEIN AIR<\/p>\n","protected":false},"author":1,"featured_media":0,"parent":0,"menu_order":0,"comment_status":"closed","ping_status":"closed","template":"elementor_header_footer","meta":{"site-sidebar-layout":"no-sidebar","site-content-layout":"","ast-site-content-layout":"full-width-container","site-content-style":"default","site-sidebar-style":"default","ast-global-header-display":"","ast-banner-title-visibility":"","ast-main-header-display":"","ast-hfb-above-header-display":"","ast-hfb-below-header-display":"","ast-hfb-mobile-header-display":"","site-post-title":"","ast-breadcrumbs-content":"","ast-featured-img":"disabled","footer-sml-layout":"","ast-disable-related-posts":"","theme-transparent-header-meta":"","adv-header-id-meta":"","stick-header-meta":"","header-above-stick-meta":"","header-main-stick-meta":"","header-below-stick-meta":"","astra-migrate-meta-layouts":"default","ast-page-background-enabled":"default","ast-page-background-meta":{"desktop":{"background-color":"var(--ast-global-color-5)","background-image":"","background-repeat":"repeat","background-position":"center center","background-size":"auto","background-attachment":"scroll","background-type":"","background-media":"","overlay-type":"","overlay-color":"","overlay-opacity":"","overlay-gradient":""},"tablet":{"background-color":"","background-image":"","background-repeat":"repeat","background-position":"center center","background-size":"auto","background-attachment":"scroll","background-type":"","background-media":"","overlay-type":"","overlay-color":"","overlay-opacity":"","overlay-gradient":""},"mobile":{"background-color":"","background-image":"","background-repeat":"repeat","background-position":"center center","background-size":"auto","background-attachment":"scroll","background-type":"","background-media":"","overlay-type":"","overlay-color":"","overlay-opacity":"","overlay-gradient":""}},"ast-content-background-meta":{"desktop":{"background-color":"var(--ast-global-color-4)","background-image":"","background-repeat":"repeat","background-position":"center center","background-size":"auto","background-attachment":"scroll","background-type":"","background-media":"","overlay-type":"","overlay-color":"","overlay-opacity":"","overlay-gradient":""},"tablet":{"background-color":"var(--ast-global-color-4)","background-image":"","background-repeat":"repeat","background-position":"center center","background-size":"auto","background-attachment":"scroll","background-type":"","background-media":"","overlay-type":"","overlay-color":"","overlay-opacity":"","overlay-gradient":""},"mobile":{"background-color":"var(--ast-global-color-4)","background-image":"","background-repeat":"repeat","background-position":"center center","background-size":"auto","background-attachment":"scroll","background-type":"","background-media":"","overlay-type":"","overlay-color":"","overlay-opacity":"","overlay-gradient":""}},"footnotes":""},"class_list":["post-298","page","type-page","status-publish","hentry"],"_links":{"self":[{"href":"https:\/\/cartamenumovil.com\/albirgarden\/wp-json\/wp\/v2\/pages\/298","targetHints":{"allow":["GET"]}}],"collection":[{"href":"https:\/\/cartamenumovil.com\/albirgarden\/wp-json\/wp\/v2\/pages"}],"about":[{"href":"https:\/\/cartamenumovil.com\/albirgarden\/wp-json\/wp\/v2\/types\/page"}],"author":[{"embeddable":true,"href":"https:\/\/cartamenumovil.com\/albirgarden\/wp-json\/wp\/v2\/users\/1"}],"replies":[{"embeddable":true,"href":"https:\/\/cartamenumovil.com\/albirgarden\/wp-json\/wp\/v2\/comments?post=298"}],"version-history":[{"count":5,"href":"https:\/\/cartamenumovil.com\/albirgarden\/wp-json\/wp\/v2\/pages\/298\/revisions"}],"predecessor-version":[{"id":437,"href":"https:\/\/cartamenumovil.com\/albirgarden\/wp-json\/wp\/v2\/pages\/298\/revisions\/437"}],"wp:attachment":[{"href":"https:\/\/cartamenumovil.com\/albirgarden\/wp-json\/wp\/v2\/media?parent=298"}],"curies":[{"name":"wp","href":"https:\/\/api.w.org\/{rel}","templated":true}]}}