{"id":1104,"date":"2022-09-08T12:24:19","date_gmt":"2022-09-08T10:24:19","guid":{"rendered":"https:\/\/cartamenumovil.com\/hotelaguaazul\/\/?page_id=1104"},"modified":"2024-07-09T16:33:14","modified_gmt":"2024-07-09T14:33:14","slug":"todo-incluido-all-inclusive","status":"publish","type":"page","link":"https:\/\/cartamenumovil.com\/hotelaguaazul\/todo-incluido-all-inclusive\/","title":{"rendered":"Todo incluido \/ all inclusive"},"content":{"rendered":"\t\t<div data-elementor-type=\"wp-page\" data-elementor-id=\"1104\" class=\"elementor elementor-1104\">\n\t\t\t\t\t\t<section class=\"elementor-section elementor-top-section elementor-element elementor-element-76a1435 elementor-section-boxed elementor-section-height-default elementor-section-height-default\" data-id=\"76a1435\" data-element_type=\"section\" data-e-type=\"section\" data-settings=\"{&quot;background_background&quot;:&quot;classic&quot;}\">\n\t\t\t\t\t\t\t<div class=\"elementor-background-overlay\"><\/div>\n\t\t\t\t\t\t\t<div class=\"elementor-container elementor-column-gap-default\">\n\t\t\t\t\t<div class=\"elementor-column elementor-col-100 elementor-top-column elementor-element elementor-element-d062166\" data-id=\"d062166\" data-element_type=\"column\" data-e-type=\"column\">\n\t\t\t<div class=\"elementor-widget-wrap elementor-element-populated\">\n\t\t\t\t\t\t<div class=\"elementor-element elementor-element-efc078b elementor-widget-divider--view-line_text elementor-widget-divider--element-align-center elementor-widget elementor-widget-divider\" data-id=\"efc078b\" data-element_type=\"widget\" data-e-type=\"widget\" data-widget_type=\"divider.default\">\n\t\t\t\t<div class=\"elementor-widget-container\">\n\t\t\t\t\t\t\t<div class=\"elementor-divider\">\n\t\t\t<span class=\"elementor-divider-separator\">\n\t\t\t\t\t\t\t<span class=\"elementor-divider__text elementor-divider__element\">\n\t\t\t\tTODO INCLUIDO \/ ALL INCLUSIVE\t\t\t\t<\/span>\n\t\t\t\t\t\t<\/span>\n\t\t<\/div>\n\t\t\t\t\t\t<\/div>\n\t\t\t\t<\/div>\n\t\t\t\t\t<\/div>\n\t\t<\/div>\n\t\t\t\t\t<\/div>\n\t\t<\/section>\n\t\t\t\t<section class=\"elementor-section elementor-top-section elementor-element elementor-element-c4ec335 elementor-section-boxed elementor-section-height-default elementor-section-height-default\" data-id=\"c4ec335\" data-element_type=\"section\" data-e-type=\"section\">\n\t\t\t\t\t\t<div class=\"elementor-container elementor-column-gap-default\">\n\t\t\t\t\t<div class=\"elementor-column elementor-col-100 elementor-top-column elementor-element elementor-element-dd27cf9\" data-id=\"dd27cf9\" data-element_type=\"column\" data-e-type=\"column\">\n\t\t\t<div class=\"elementor-widget-wrap elementor-element-populated\">\n\t\t\t\t\t\t<div class=\"elementor-element elementor-element-cde2123 elementor-widget elementor-widget-text-editor\" data-id=\"cde2123\" data-element_type=\"widget\" data-e-type=\"widget\" data-widget_type=\"text-editor.default\">\n\t\t\t\t<div class=\"elementor-widget-container\">\n\t\t\t\t\t\t\t\t\t<p><strong>Con nuestro todo incluido, adem\u00e1s de poder degustar los mejores platos en nuestro buffet, tambi\u00e9n tendr\u00e1 a su disposici\u00f3n el snack, con Pizza, Hamburguesas, S\u00e1ndwich, Perritos\u2026 y mucho m\u00e1s &nbsp;<\/strong><\/p>\n<p>With our all-inclusive, as well as being able to taste the best dishes in our buffet, you will also have at your disposal the snack, with Pizza, Hamburgers, Sandwiches, Hot Dogs&#8230; and much more.<\/p>\t\t\t\t\t\t\t\t<\/div>\n\t\t\t\t<\/div>\n\t\t\t\t\t<\/div>\n\t\t<\/div>\n\t\t\t\t\t<\/div>\n\t\t<\/section>\n\t\t\t\t<section class=\"elementor-section elementor-top-section elementor-element elementor-element-efddfd2 elementor-section-boxed elementor-section-height-default elementor-section-height-default\" data-id=\"efddfd2\" data-element_type=\"section\" data-e-type=\"section\">\n\t\t\t\t\t\t<div class=\"elementor-container elementor-column-gap-default\">\n\t\t\t\t\t<div class=\"elementor-column elementor-col-100 elementor-top-column elementor-element elementor-element-5e11cb4\" data-id=\"5e11cb4\" data-element_type=\"column\" data-e-type=\"column\">\n\t\t\t<div class=\"elementor-widget-wrap elementor-element-populated\">\n\t\t\t\t\t\t<div class=\"elementor-element elementor-element-6a032d4 elementor-widget elementor-widget-heading\" data-id=\"6a032d4\" data-element_type=\"widget\" data-e-type=\"widget\" data-widget_type=\"heading.default\">\n\t\t\t\t<div class=\"elementor-widget-container\">\n\t\t\t\t\t<h2 class=\"elementor-heading-title elementor-size-default\">TODO INCLUIDO<\/h2>\t\t\t\t<\/div>\n\t\t\t\t<\/div>\n\t\t\t\t<div class=\"elementor-element elementor-element-9827348 elementor-widget elementor-widget-text-editor\" data-id=\"9827348\" data-element_type=\"widget\" data-e-type=\"widget\" data-widget_type=\"text-editor.default\">\n\t\t\t\t<div class=\"elementor-widget-container\">\n\t\t\t\t\t\t\t\t\t<p><b><span lang=\"EN-US\">Desayuno: 08:00h a 10:30h \/ <\/span><\/b><span style=\"color: #6cabbf;\"><span lang=\"EN-US\">*Snack: 11:00h a 12:15h<\/span><\/span><\/p><p><b><span lang=\"EN-US\">Almuerzo: 13:00h a 15:00h \/ <\/span><\/b><span style=\"color: #6cabbf;\"><span lang=\"EN-US\">*Snack: 15:30h a 18:15h<\/span><\/span><\/p><p><b><span lang=\"EN-US\">Cena: 19:00h a 21:30h \/ <\/span><\/b><span style=\"color: #6cabbf;\"><span lang=\"EN-US\">*Snack: 22:00h a 00:00h<\/span><\/span><\/p><p style=\"margin: 0px; color: #222222; font-family: Arial, Helvetica, sans-serif; font-size: small; font-style: normal; font-variant-ligatures: normal; font-variant-caps: normal; font-weight: 400; letter-spacing: normal; orphans: 2; text-align: start; text-indent: 0px; text-transform: none; widows: 2; word-spacing: 0px; -webkit-text-stroke-width: 0px; white-space: normal; background-color: #ffffff; text-decoration-thickness: initial; text-decoration-style: initial; text-decoration-color: initial;\"><b><span style=\"font-size: 12pt;\">* En temporada alta se abre el Snack Bar de la piscina de 11:00h a 19:00h<u><\/u><u><\/u><\/span><\/b><\/p><p>\u00a0<\/p>\t\t\t\t\t\t\t\t<\/div>\n\t\t\t\t<\/div>\n\t\t\t\t\t<\/div>\n\t\t<\/div>\n\t\t\t\t\t<\/div>\n\t\t<\/section>\n\t\t\t\t<section class=\"elementor-section elementor-top-section elementor-element elementor-element-a7c1e76 elementor-section-boxed elementor-section-height-default elementor-section-height-default\" data-id=\"a7c1e76\" data-element_type=\"section\" data-e-type=\"section\">\n\t\t\t\t\t\t<div class=\"elementor-container elementor-column-gap-default\">\n\t\t\t\t\t<div class=\"elementor-column elementor-col-100 elementor-top-column elementor-element elementor-element-771b8fe\" data-id=\"771b8fe\" data-element_type=\"column\" data-e-type=\"column\">\n\t\t\t<div class=\"elementor-widget-wrap elementor-element-populated\">\n\t\t\t\t\t\t<div class=\"elementor-element elementor-element-3c3ec38 elementor-widget elementor-widget-heading\" data-id=\"3c3ec38\" data-element_type=\"widget\" data-e-type=\"widget\" data-widget_type=\"heading.default\">\n\t\t\t\t<div class=\"elementor-widget-container\">\n\t\t\t\t\t<h2 class=\"elementor-heading-title elementor-size-default\">ALL INCLUSIVE<\/h2>\t\t\t\t<\/div>\n\t\t\t\t<\/div>\n\t\t\t\t<div class=\"elementor-element elementor-element-d98b844 elementor-widget elementor-widget-text-editor\" data-id=\"d98b844\" data-element_type=\"widget\" data-e-type=\"widget\" data-widget_type=\"text-editor.default\">\n\t\t\t\t<div class=\"elementor-widget-container\">\n\t\t\t\t\t\t\t\t\t<p><b><span lang=\"EN-US\">Breakfast: 08:00 a.m. to 10:30 a.m. \/ <\/span><\/b><span style=\"color: #6cabbf;\"><span lang=\"EN-US\">*Snack: 11:00 a.m. to 12:15 p.m.<br \/><\/span><\/span><\/p><p><b><span lang=\"EN-US\">Lunch: 01:00 p.m. to 03:00 p.m \/ <\/span><\/b><span style=\"color: #6cabbf;\"><span lang=\"EN-US\">*Snack: 03:30 p.m. to 06:15 p.m.<\/span><\/span><\/p><p><b><span lang=\"EN-US\">Dinner 07:00 p.m. to 09:30 p.m. \/ <\/span><\/b><span style=\"color: #6cabbf;\"><span lang=\"EN-US\">*Snack: 10:00 p.m. to 12:00 a.m.<\/span><\/span><\/p><p><b style=\"color: #222222; font-family: Arial, Helvetica, sans-serif; font-size: small; font-style: normal; font-variant-ligatures: normal; font-variant-caps: normal; letter-spacing: normal; orphans: 2; text-align: start; text-indent: 0px; text-transform: none; widows: 2; word-spacing: 0px; -webkit-text-stroke-width: 0px; white-space: normal; background-color: #ffffff; text-decoration-thickness: initial; text-decoration-style: initial; text-decoration-color: initial;\"><span lang=\"EN-US\" style=\"font-size: 12pt;\">* In high season the pool Snack Bar is open from 11:00 a.m. to 19:00 p.m.<\/span><\/b><\/p>\t\t\t\t\t\t\t\t<\/div>\n\t\t\t\t<\/div>\n\t\t\t\t\t<\/div>\n\t\t<\/div>\n\t\t\t\t\t<\/div>\n\t\t<\/section>\n\t\t\t\t<\/div>\n\t\t","protected":false},"excerpt":{"rendered":"<p>TODO INCLUIDO \/ ALL INCLUSIVE Con nuestro todo incluido, adem\u00e1s de poder degustar los mejores platos en nuestro buffet, tambi\u00e9n tendr\u00e1 a su disposici\u00f3n el snack, con Pizza, Hamburguesas, S\u00e1ndwich, Perritos\u2026 y mucho m\u00e1s &nbsp; With our all-inclusive, as well as being able to taste the best dishes in our buffet, you will also have [&hellip;]<\/p>\n","protected":false},"author":1,"featured_media":0,"parent":0,"menu_order":0,"comment_status":"closed","ping_status":"closed","template":"","meta":{"site-sidebar-layout":"default","site-content-layout":"","ast-site-content-layout":"default","site-content-style":"default","site-sidebar-style":"default","ast-global-header-display":"","ast-banner-title-visibility":"","ast-main-header-display":"","ast-hfb-above-header-display":"","ast-hfb-below-header-display":"","ast-hfb-mobile-header-display":"","site-post-title":"","ast-breadcrumbs-content":"","ast-featured-img":"","footer-sml-layout":"","ast-disable-related-posts":"","theme-transparent-header-meta":"","adv-header-id-meta":"","stick-header-meta":"","header-above-stick-meta":"","header-main-stick-meta":"","header-below-stick-meta":"","astra-migrate-meta-layouts":"default","ast-page-background-enabled":"default","ast-page-background-meta":{"desktop":{"background-color":"var(--ast-global-color-4)","background-image":"","background-repeat":"repeat","background-position":"center center","background-size":"auto","background-attachment":"scroll","background-type":"","background-media":"","overlay-type":"","overlay-color":"","overlay-opacity":"","overlay-gradient":""},"tablet":{"background-color":"","background-image":"","background-repeat":"repeat","background-position":"center center","background-size":"auto","background-attachment":"scroll","background-type":"","background-media":"","overlay-type":"","overlay-color":"","overlay-opacity":"","overlay-gradient":""},"mobile":{"background-color":"","background-image":"","background-repeat":"repeat","background-position":"center center","background-size":"auto","background-attachment":"scroll","background-type":"","background-media":"","overlay-type":"","overlay-color":"","overlay-opacity":"","overlay-gradient":""}},"ast-content-background-meta":{"desktop":{"background-color":"var(--ast-global-color-5)","background-image":"","background-repeat":"repeat","background-position":"center center","background-size":"auto","background-attachment":"scroll","background-type":"","background-media":"","overlay-type":"","overlay-color":"","overlay-opacity":"","overlay-gradient":""},"tablet":{"background-color":"var(--ast-global-color-5)","background-image":"","background-repeat":"repeat","background-position":"center center","background-size":"auto","background-attachment":"scroll","background-type":"","background-media":"","overlay-type":"","overlay-color":"","overlay-opacity":"","overlay-gradient":""},"mobile":{"background-color":"var(--ast-global-color-5)","background-image":"","background-repeat":"repeat","background-position":"center center","background-size":"auto","background-attachment":"scroll","background-type":"","background-media":"","overlay-type":"","overlay-color":"","overlay-opacity":"","overlay-gradient":""}},"footnotes":""},"class_list":["post-1104","page","type-page","status-publish","hentry"],"_links":{"self":[{"href":"https:\/\/cartamenumovil.com\/hotelaguaazul\/wp-json\/wp\/v2\/pages\/1104","targetHints":{"allow":["GET"]}}],"collection":[{"href":"https:\/\/cartamenumovil.com\/hotelaguaazul\/wp-json\/wp\/v2\/pages"}],"about":[{"href":"https:\/\/cartamenumovil.com\/hotelaguaazul\/wp-json\/wp\/v2\/types\/page"}],"author":[{"embeddable":true,"href":"https:\/\/cartamenumovil.com\/hotelaguaazul\/wp-json\/wp\/v2\/users\/1"}],"replies":[{"embeddable":true,"href":"https:\/\/cartamenumovil.com\/hotelaguaazul\/wp-json\/wp\/v2\/comments?post=1104"}],"version-history":[{"count":16,"href":"https:\/\/cartamenumovil.com\/hotelaguaazul\/wp-json\/wp\/v2\/pages\/1104\/revisions"}],"predecessor-version":[{"id":1960,"href":"https:\/\/cartamenumovil.com\/hotelaguaazul\/wp-json\/wp\/v2\/pages\/1104\/revisions\/1960"}],"wp:attachment":[{"href":"https:\/\/cartamenumovil.com\/hotelaguaazul\/wp-json\/wp\/v2\/media?parent=1104"}],"curies":[{"name":"wp","href":"https:\/\/api.w.org\/{rel}","templated":true}]}}