{"id":390,"date":"2020-07-22T12:49:12","date_gmt":"2020-07-22T10:49:12","guid":{"rendered":"http:\/\/cartamenumovil.com\/hotelaguaazul\/\/?page_id=390"},"modified":"2022-04-25T12:14:19","modified_gmt":"2022-04-25T10:14:19","slug":"cafeteria","status":"publish","type":"page","link":"https:\/\/cartamenumovil.com\/hotelaguaazul\/cafeteria\/","title":{"rendered":"Cafeter\u00eda"},"content":{"rendered":"\t\t<div data-elementor-type=\"wp-page\" data-elementor-id=\"390\" class=\"elementor elementor-390\">\n\t\t\t\t\t\t<section class=\"elementor-section elementor-top-section elementor-element elementor-element-94a26d7 elementor-section-boxed elementor-section-height-default elementor-section-height-default\" data-id=\"94a26d7\" data-element_type=\"section\" data-e-type=\"section\" data-settings=\"{&quot;background_background&quot;:&quot;classic&quot;}\">\n\t\t\t\t\t\t\t<div class=\"elementor-background-overlay\"><\/div>\n\t\t\t\t\t\t\t<div class=\"elementor-container elementor-column-gap-default\">\n\t\t\t\t\t<div class=\"elementor-column elementor-col-100 elementor-top-column elementor-element elementor-element-1242b3b\" data-id=\"1242b3b\" data-element_type=\"column\" data-e-type=\"column\">\n\t\t\t<div class=\"elementor-widget-wrap elementor-element-populated\">\n\t\t\t\t\t\t<div class=\"elementor-element elementor-element-a0af000 elementor-widget-divider--view-line_text elementor-widget-divider--element-align-center elementor-widget elementor-widget-divider\" data-id=\"a0af000\" data-element_type=\"widget\" data-e-type=\"widget\" data-widget_type=\"divider.default\">\n\t\t\t\t<div class=\"elementor-widget-container\">\n\t\t\t\t\t\t\t<div class=\"elementor-divider\">\n\t\t\t<span class=\"elementor-divider-separator\">\n\t\t\t\t\t\t\t<span class=\"elementor-divider__text elementor-divider__element\">\n\t\t\t\tCAFETER\u00cdA \/ COFFEE SHOP\t\t\t\t<\/span>\n\t\t\t\t\t\t<\/span>\n\t\t<\/div>\n\t\t\t\t\t\t<\/div>\n\t\t\t\t<\/div>\n\t\t\t\t\t<\/div>\n\t\t<\/div>\n\t\t\t\t\t<\/div>\n\t\t<\/section>\n\t\t\t\t<section class=\"elementor-section elementor-top-section elementor-element elementor-element-fe81516 elementor-section-boxed elementor-section-height-default elementor-section-height-default\" data-id=\"fe81516\" data-element_type=\"section\" data-e-type=\"section\" data-settings=\"{&quot;background_background&quot;:&quot;classic&quot;}\">\n\t\t\t\t\t\t<div class=\"elementor-container elementor-column-gap-default\">\n\t\t\t\t\t<div class=\"elementor-column elementor-col-100 elementor-top-column elementor-element elementor-element-2bc7ea4\" data-id=\"2bc7ea4\" data-element_type=\"column\" data-e-type=\"column\">\n\t\t\t<div class=\"elementor-widget-wrap elementor-element-populated\">\n\t\t\t\t\t\t<div class=\"elementor-element elementor-element-e4e7c75 elementor-widget elementor-widget-spacer\" data-id=\"e4e7c75\" data-element_type=\"widget\" data-e-type=\"widget\" data-widget_type=\"spacer.default\">\n\t\t\t\t<div class=\"elementor-widget-container\">\n\t\t\t\t\t\t\t<div class=\"elementor-spacer\">\n\t\t\t<div class=\"elementor-spacer-inner\"><\/div>\n\t\t<\/div>\n\t\t\t\t\t\t<\/div>\n\t\t\t\t<\/div>\n\t\t\t\t<div class=\"elementor-element elementor-element-648b277 elementor-align-justify elementor-widget elementor-widget-button\" data-id=\"648b277\" data-element_type=\"widget\" data-e-type=\"widget\" data-widget_type=\"button.default\">\n\t\t\t\t<div class=\"elementor-widget-container\">\n\t\t\t\t\t\t\t\t\t<div class=\"elementor-button-wrapper\">\n\t\t\t\t\t<a class=\"elementor-button elementor-button-link elementor-size-sm\" href=\"http:\/\/cartamenumovil.com\/hotelaguaazul\/todo-incluido\/\">\n\t\t\t\t\t\t<span class=\"elementor-button-content-wrapper\">\n\t\t\t\t\t\t\t\t\t<span class=\"elementor-button-text\">TODO INCLU\u00cdDO \/ ALL INCLUSIVE<\/span>\n\t\t\t\t\t<\/span>\n\t\t\t\t\t<\/a>\n\t\t\t\t<\/div>\n\t\t\t\t\t\t\t\t<\/div>\n\t\t\t\t<\/div>\n\t\t\t\t<div class=\"elementor-element elementor-element-a7bde69 elementor-align-justify elementor-widget elementor-widget-button\" data-id=\"a7bde69\" data-element_type=\"widget\" data-e-type=\"widget\" data-widget_type=\"button.default\">\n\t\t\t\t<div class=\"elementor-widget-container\">\n\t\t\t\t\t\t\t\t\t<div class=\"elementor-button-wrapper\">\n\t\t\t\t\t<a class=\"elementor-button elementor-button-link elementor-size-sm\" href=\"http:\/\/cartamenumovil.com\/hotelaguaazul\/vinos\/\">\n\t\t\t\t\t\t<span class=\"elementor-button-content-wrapper\">\n\t\t\t\t\t\t\t\t\t<span class=\"elementor-button-text\">VINOS \/ WINES<\/span>\n\t\t\t\t\t<\/span>\n\t\t\t\t\t<\/a>\n\t\t\t\t<\/div>\n\t\t\t\t\t\t\t\t<\/div>\n\t\t\t\t<\/div>\n\t\t\t\t<div class=\"elementor-element elementor-element-f82ca9a elementor-align-justify elementor-widget elementor-widget-button\" data-id=\"f82ca9a\" data-element_type=\"widget\" data-e-type=\"widget\" data-widget_type=\"button.default\">\n\t\t\t\t<div class=\"elementor-widget-container\">\n\t\t\t\t\t\t\t\t\t<div class=\"elementor-button-wrapper\">\n\t\t\t\t\t<a class=\"elementor-button elementor-button-link elementor-size-sm\" href=\"http:\/\/cartamenumovil.com\/hotelaguaazul\/precios\/\">\n\t\t\t\t\t\t<span class=\"elementor-button-content-wrapper\">\n\t\t\t\t\t\t\t\t\t<span class=\"elementor-button-text\">LISTA DE PRECIOS \/ PRICE LIST<\/span>\n\t\t\t\t\t<\/span>\n\t\t\t\t\t<\/a>\n\t\t\t\t<\/div>\n\t\t\t\t\t\t\t\t<\/div>\n\t\t\t\t<\/div>\n\t\t\t\t<div class=\"elementor-element elementor-element-035a24e elementor-widget elementor-widget-spacer\" data-id=\"035a24e\" data-element_type=\"widget\" data-e-type=\"widget\" data-widget_type=\"spacer.default\">\n\t\t\t\t<div class=\"elementor-widget-container\">\n\t\t\t\t\t\t\t<div class=\"elementor-spacer\">\n\t\t\t<div class=\"elementor-spacer-inner\"><\/div>\n\t\t<\/div>\n\t\t\t\t\t\t<\/div>\n\t\t\t\t<\/div>\n\t\t\t\t\t<\/div>\n\t\t<\/div>\n\t\t\t\t\t<\/div>\n\t\t<\/section>\n\t\t\t\t<section class=\"elementor-section elementor-top-section elementor-element elementor-element-0be6e99 elementor-section-boxed elementor-section-height-default elementor-section-height-default\" data-id=\"0be6e99\" data-element_type=\"section\" data-e-type=\"section\">\n\t\t\t\t\t\t<div class=\"elementor-container elementor-column-gap-default\">\n\t\t\t\t\t<div class=\"elementor-column elementor-col-100 elementor-top-column elementor-element elementor-element-c8c9ab4\" data-id=\"c8c9ab4\" data-element_type=\"column\" data-e-type=\"column\">\n\t\t\t<div class=\"elementor-widget-wrap elementor-element-populated\">\n\t\t\t\t\t\t<div class=\"elementor-element elementor-element-8942347 elementor-widget elementor-widget-text-editor\" data-id=\"8942347\" data-element_type=\"widget\" data-e-type=\"widget\" data-widget_type=\"text-editor.default\">\n\t\t\t\t<div class=\"elementor-widget-container\">\n\t\t\t\t\t\t\t\t\t<ul><li>H<span class=\"s3\">o<\/span><span class=\"s4\">r<\/span><span class=\"s3\">a<\/span><span class=\"s4\">ri<\/span>o <span class=\"s4\">i<\/span><span class=\"s3\">n<\/span><span class=\"s4\">i<\/span><span class=\"s3\">n<\/span>ter<span class=\"s4\">r<\/span><span class=\"s3\">u<\/span>mpido de <span class=\"s4\">10<\/span><span class=\"s3\">:<\/span><span class=\"s4\">30<\/span>h a <span class=\"s4\">00<\/span><span class=\"s3\">:<\/span><span class=\"s4\">00<\/span>h<\/li><li><span class=\"s4\">Ti<\/span><span class=\"s3\">ene<\/span>n a su <span class=\"s3\">d<\/span><span class=\"s4\">i<\/span>s<span class=\"s3\">po<\/span>s<span class=\"s3\">i<\/span><span class=\"s4\">ci<\/span><span class=\"s3\">\u00f3<\/span>n p<span class=\"s7\">u<\/span><span class=\"s3\">n<\/span>t<span class=\"s3\">o<\/span>s de <span class=\"s4\">g<\/span><span class=\"s3\">e<\/span>l hidr<span class=\"s4\">o<\/span>&#8211;<span class=\"s3\">al<\/span><span class=\"s4\">c<\/span><span class=\"s3\">oh\u00f3<\/span><span class=\"s4\">li<\/span><span class=\"s3\">c<\/span>o p<span class=\"s3\">a<\/span><span class=\"s4\">r<\/span>a <span class=\"s4\">l<\/span>a d<span class=\"s3\">e<\/span>s<span class=\"s4\">i<\/span><span class=\"s3\">n<\/span>f<span class=\"s3\">ec<\/span><span class=\"s4\">ci<\/span><span class=\"s3\">\u00f3<\/span>n de ma<span class=\"s3\">no<\/span>s<\/li><\/ul>\t\t\t\t\t\t\t\t<\/div>\n\t\t\t\t<\/div>\n\t\t\t\t\t<\/div>\n\t\t<\/div>\n\t\t\t\t\t<\/div>\n\t\t<\/section>\n\t\t\t\t<section class=\"elementor-section elementor-top-section elementor-element elementor-element-9b5ba4a elementor-section-boxed elementor-section-height-default elementor-section-height-default\" data-id=\"9b5ba4a\" data-element_type=\"section\" data-e-type=\"section\">\n\t\t\t\t\t\t<div class=\"elementor-container elementor-column-gap-default\">\n\t\t\t\t\t<div class=\"elementor-column elementor-col-100 elementor-top-column elementor-element elementor-element-39ac16a\" data-id=\"39ac16a\" data-element_type=\"column\" data-e-type=\"column\">\n\t\t\t<div class=\"elementor-widget-wrap elementor-element-populated\">\n\t\t\t\t\t\t<div class=\"elementor-element elementor-element-6e2069b elementor-widget elementor-widget-text-editor\" data-id=\"6e2069b\" data-element_type=\"widget\" data-e-type=\"widget\" data-widget_type=\"text-editor.default\">\n\t\t\t\t<div class=\"elementor-widget-container\">\n\t\t\t\t\t\t\t\t\t<ul><li><em>Uninterrupted hours from 10:30 a.m. to 12:00 a.m.<\/em><\/li><li><em>Use the sanitizer gel points for cleaning your hands<\/em><\/li><\/ul>\t\t\t\t\t\t\t\t<\/div>\n\t\t\t\t<\/div>\n\t\t\t\t\t<\/div>\n\t\t<\/div>\n\t\t\t\t\t<\/div>\n\t\t<\/section>\n\t\t\t\t<\/div>\n\t\t","protected":false},"excerpt":{"rendered":"<p>CAFETER\u00cdA \/ COFFEE SHOP TODO INCLU\u00cdDO \/ ALL INCLUSIVE VINOS \/ WINES LISTA DE PRECIOS \/ PRICE LIST Horario ininterrumpido de 10:30h a 00:00h Tienen a su disposici\u00f3n puntos de gel hidro-alcoh\u00f3lico para la desinfecci\u00f3n de manos Uninterrupted hours from 10:30 a.m. to 12:00 a.m. Use the sanitizer gel points for cleaning your hands<\/p>\n","protected":false},"author":1,"featured_media":0,"parent":0,"menu_order":0,"comment_status":"closed","ping_status":"closed","template":"","meta":{"site-sidebar-layout":"default","site-content-layout":"","ast-site-content-layout":"default","site-content-style":"default","site-sidebar-style":"default","ast-global-header-display":"","ast-banner-title-visibility":"","ast-main-header-display":"","ast-hfb-above-header-display":"","ast-hfb-below-header-display":"","ast-hfb-mobile-header-display":"","site-post-title":"","ast-breadcrumbs-content":"","ast-featured-img":"","footer-sml-layout":"","ast-disable-related-posts":"","theme-transparent-header-meta":"","adv-header-id-meta":"","stick-header-meta":"","header-above-stick-meta":"","header-main-stick-meta":"","header-below-stick-meta":"","astra-migrate-meta-layouts":"default","ast-page-background-enabled":"default","ast-page-background-meta":{"desktop":{"background-color":"var(--ast-global-color-4)","background-image":"","background-repeat":"repeat","background-position":"center center","background-size":"auto","background-attachment":"scroll","background-type":"","background-media":"","overlay-type":"","overlay-color":"","overlay-opacity":"","overlay-gradient":""},"tablet":{"background-color":"","background-image":"","background-repeat":"repeat","background-position":"center center","background-size":"auto","background-attachment":"scroll","background-type":"","background-media":"","overlay-type":"","overlay-color":"","overlay-opacity":"","overlay-gradient":""},"mobile":{"background-color":"","background-image":"","background-repeat":"repeat","background-position":"center center","background-size":"auto","background-attachment":"scroll","background-type":"","background-media":"","overlay-type":"","overlay-color":"","overlay-opacity":"","overlay-gradient":""}},"ast-content-background-meta":{"desktop":{"background-color":"var(--ast-global-color-5)","background-image":"","background-repeat":"repeat","background-position":"center center","background-size":"auto","background-attachment":"scroll","background-type":"","background-media":"","overlay-type":"","overlay-color":"","overlay-opacity":"","overlay-gradient":""},"tablet":{"background-color":"var(--ast-global-color-5)","background-image":"","background-repeat":"repeat","background-position":"center center","background-size":"auto","background-attachment":"scroll","background-type":"","background-media":"","overlay-type":"","overlay-color":"","overlay-opacity":"","overlay-gradient":""},"mobile":{"background-color":"var(--ast-global-color-5)","background-image":"","background-repeat":"repeat","background-position":"center center","background-size":"auto","background-attachment":"scroll","background-type":"","background-media":"","overlay-type":"","overlay-color":"","overlay-opacity":"","overlay-gradient":""}},"footnotes":""},"class_list":["post-390","page","type-page","status-publish","hentry"],"_links":{"self":[{"href":"https:\/\/cartamenumovil.com\/hotelaguaazul\/wp-json\/wp\/v2\/pages\/390","targetHints":{"allow":["GET"]}}],"collection":[{"href":"https:\/\/cartamenumovil.com\/hotelaguaazul\/wp-json\/wp\/v2\/pages"}],"about":[{"href":"https:\/\/cartamenumovil.com\/hotelaguaazul\/wp-json\/wp\/v2\/types\/page"}],"author":[{"embeddable":true,"href":"https:\/\/cartamenumovil.com\/hotelaguaazul\/wp-json\/wp\/v2\/users\/1"}],"replies":[{"embeddable":true,"href":"https:\/\/cartamenumovil.com\/hotelaguaazul\/wp-json\/wp\/v2\/comments?post=390"}],"version-history":[{"count":29,"href":"https:\/\/cartamenumovil.com\/hotelaguaazul\/wp-json\/wp\/v2\/pages\/390\/revisions"}],"predecessor-version":[{"id":907,"href":"https:\/\/cartamenumovil.com\/hotelaguaazul\/wp-json\/wp\/v2\/pages\/390\/revisions\/907"}],"wp:attachment":[{"href":"https:\/\/cartamenumovil.com\/hotelaguaazul\/wp-json\/wp\/v2\/media?parent=390"}],"curies":[{"name":"wp","href":"https:\/\/api.w.org\/{rel}","templated":true}]}}