{"id":399,"date":"2020-07-22T12:59:42","date_gmt":"2020-07-22T10:59:42","guid":{"rendered":"http:\/\/cartamenumovil.com\/hotelaguaazul\/\/?page_id=399"},"modified":"2024-04-25T09:18:04","modified_gmt":"2024-04-25T07:18:04","slug":"todo-incluido","status":"publish","type":"page","link":"https:\/\/cartamenumovil.com\/hotelaguaazul\/todo-incluido\/","title":{"rendered":"Todo incluido"},"content":{"rendered":"\t\t<div data-elementor-type=\"wp-page\" data-elementor-id=\"399\" class=\"elementor elementor-399\">\n\t\t\t\t\t\t<section class=\"elementor-section elementor-top-section elementor-element elementor-element-76a1435 elementor-section-boxed elementor-section-height-default elementor-section-height-default\" data-id=\"76a1435\" data-element_type=\"section\" data-e-type=\"section\" data-settings=\"{&quot;background_background&quot;:&quot;classic&quot;}\">\n\t\t\t\t\t\t\t<div class=\"elementor-background-overlay\"><\/div>\n\t\t\t\t\t\t\t<div class=\"elementor-container elementor-column-gap-default\">\n\t\t\t\t\t<div class=\"elementor-column elementor-col-100 elementor-top-column elementor-element elementor-element-d062166\" data-id=\"d062166\" data-element_type=\"column\" data-e-type=\"column\">\n\t\t\t<div class=\"elementor-widget-wrap elementor-element-populated\">\n\t\t\t\t\t\t<div class=\"elementor-element elementor-element-efc078b elementor-widget-divider--view-line_text elementor-widget-divider--element-align-center elementor-widget elementor-widget-divider\" data-id=\"efc078b\" data-element_type=\"widget\" data-e-type=\"widget\" data-widget_type=\"divider.default\">\n\t\t\t\t<div class=\"elementor-widget-container\">\n\t\t\t\t\t\t\t<div class=\"elementor-divider\">\n\t\t\t<span class=\"elementor-divider-separator\">\n\t\t\t\t\t\t\t<span class=\"elementor-divider__text elementor-divider__element\">\n\t\t\t\tTODO INCLUIDO \/ ALL INCLUSIVE\t\t\t\t<\/span>\n\t\t\t\t\t\t<\/span>\n\t\t<\/div>\n\t\t\t\t\t\t<\/div>\n\t\t\t\t<\/div>\n\t\t\t\t\t<\/div>\n\t\t<\/div>\n\t\t\t\t\t<\/div>\n\t\t<\/section>\n\t\t\t\t<section class=\"elementor-section elementor-top-section elementor-element elementor-element-c4ec335 elementor-section-boxed elementor-section-height-default elementor-section-height-default\" data-id=\"c4ec335\" data-element_type=\"section\" data-e-type=\"section\">\n\t\t\t\t\t\t<div class=\"elementor-container elementor-column-gap-default\">\n\t\t\t\t\t<div class=\"elementor-column elementor-col-100 elementor-top-column elementor-element elementor-element-dd27cf9\" data-id=\"dd27cf9\" data-element_type=\"column\" data-e-type=\"column\">\n\t\t\t<div class=\"elementor-widget-wrap elementor-element-populated\">\n\t\t\t\t\t\t<div class=\"elementor-element elementor-element-cde2123 elementor-widget elementor-widget-text-editor\" data-id=\"cde2123\" data-element_type=\"widget\" data-e-type=\"widget\" data-widget_type=\"text-editor.default\">\n\t\t\t\t<div class=\"elementor-widget-container\">\n\t\t\t\t\t\t\t\t\t<p class=\"p2\"><strong>Todo producto no incluido en el TODO INCLUIDO\u00a0tiene un descuento de un 30%<\/strong><\/p><p class=\"p2\">Any product not included in the ALL INCLUSIVE\u00a0has a discount of 30%<\/p>\t\t\t\t\t\t\t\t<\/div>\n\t\t\t\t<\/div>\n\t\t\t\t\t<\/div>\n\t\t<\/div>\n\t\t\t\t\t<\/div>\n\t\t<\/section>\n\t\t\t\t<section class=\"elementor-section elementor-top-section elementor-element elementor-element-efddfd2 elementor-section-boxed elementor-section-height-default elementor-section-height-default\" data-id=\"efddfd2\" data-element_type=\"section\" data-e-type=\"section\">\n\t\t\t\t\t\t<div class=\"elementor-container elementor-column-gap-default\">\n\t\t\t\t\t<div class=\"elementor-column elementor-col-100 elementor-top-column elementor-element elementor-element-5e11cb4\" data-id=\"5e11cb4\" data-element_type=\"column\" data-e-type=\"column\">\n\t\t\t<div class=\"elementor-widget-wrap elementor-element-populated\">\n\t\t\t\t\t\t<div class=\"elementor-element elementor-element-6a032d4 elementor-widget elementor-widget-heading\" data-id=\"6a032d4\" data-element_type=\"widget\" data-e-type=\"widget\" data-widget_type=\"heading.default\">\n\t\t\t\t<div class=\"elementor-widget-container\">\n\t\t\t\t\t<h2 class=\"elementor-heading-title elementor-size-default\">CAF\u00c9S \/ <span style=\"color: #6cabbf\">COFFEES<\/span><\/h2>\t\t\t\t<\/div>\n\t\t\t\t<\/div>\n\t\t\t\t<div class=\"elementor-element elementor-element-9827348 elementor-widget elementor-widget-text-editor\" data-id=\"9827348\" data-element_type=\"widget\" data-e-type=\"widget\" data-widget_type=\"text-editor.default\">\n\t\t\t\t<div class=\"elementor-widget-container\">\n\t\t\t\t\t\t\t\t\tExpreso<\/br>\n<span style=\"color: #6cabbf;\">Expresso<\/span>\n<\/br>\nCaf\u00e9 Cortado<\/br>\n<span style=\"color: #6cabbf;\">Espresso with a Dash of Milk<\/span>\n<\/br>\nCaf\u00e9 con leche<\/br>\n<span style=\"color: #6cabbf;\">Coffee Latte<\/span>\n<\/br>\nCaf\u00e9 Bomb\u00f3n<\/br>\n<span style=\"color: #6cabbf;\">Espresso with Sweetened Condensed Milk<\/span>\n<\/br>\nCapuccino<\/br>\n<span style=\"color: #6cabbf;\">Capuccino<\/span>\n<\/br>\nCarajillo<\/br>\n<span style=\"color: #6cabbf;\">Coffee with a Liquor<\/span>\n<\/br>\nInfusiones (Manzanilla, Menta Poleo, Tila, T\u00e9 Ingl\u00e9s, T\u00e9 Rojo, T\u00e9 Verde&#8230;)<\/br>\n<span style=\"color: #6cabbf;\">Infusions (Chamomile, Pennyroyal, Lime Blossom, English Tea, Red Tea, Green Tea&#8230;)<\/span>\n<\/br>\nVaso de leche<\/br>\n<span style=\"color: #6cabbf;\">Glass of Milk<\/span>\n<\/br>\nCola Cao<\/br>\n<span style=\"color: #6cabbf;\">Cola Cao<\/span>\t\t\t\t\t\t\t\t<\/div>\n\t\t\t\t<\/div>\n\t\t\t\t\t<\/div>\n\t\t<\/div>\n\t\t\t\t\t<\/div>\n\t\t<\/section>\n\t\t\t\t<section class=\"elementor-section elementor-top-section elementor-element elementor-element-97bd397 elementor-section-boxed elementor-section-height-default elementor-section-height-default\" data-id=\"97bd397\" data-element_type=\"section\" data-e-type=\"section\">\n\t\t\t\t\t\t<div class=\"elementor-container elementor-column-gap-default\">\n\t\t\t\t\t<div class=\"elementor-column elementor-col-100 elementor-top-column elementor-element elementor-element-e335b88\" data-id=\"e335b88\" data-element_type=\"column\" data-e-type=\"column\">\n\t\t\t<div class=\"elementor-widget-wrap elementor-element-populated\">\n\t\t\t\t\t\t<div class=\"elementor-element elementor-element-119bed4 elementor-widget elementor-widget-heading\" data-id=\"119bed4\" data-element_type=\"widget\" data-e-type=\"widget\" data-widget_type=\"heading.default\">\n\t\t\t\t<div class=\"elementor-widget-container\">\n\t\t\t\t\t<h2 class=\"elementor-heading-title elementor-size-default\">REFRESCOS, AGUA, ZUMOS Y BATIDOS \/ <span style=\"color: #6cabbf\">SOFT DRINKS, WATER, JUICES AND SMOOTHIES<\/span><\/h2>\t\t\t\t<\/div>\n\t\t\t\t<\/div>\n\t\t\t\t<div class=\"elementor-element elementor-element-ed5a516 elementor-widget elementor-widget-text-editor\" data-id=\"ed5a516\" data-element_type=\"widget\" data-e-type=\"widget\" data-widget_type=\"text-editor.default\">\n\t\t\t\t<div class=\"elementor-widget-container\">\n\t\t\t\t\t\t\t\t\t<p>Refrescos de M\u00e1quina: Coca-Cola, Coca-Cola Zero, Fanta Naranja, Fanta Lim\u00f3n, Sprite y T\u00f3nica<br \/><span style=\"color: #6cabbf;\">Soft Drinks Machine: Coca-Cola, Coca-Cola Zero, Fanta Orange, Fanta Lemon, Sprite and Tonic<\/span><br \/><br \/>Mare Rosso, Ginger Ale<br \/><span style=\"color: #6cabbf;\">Mare Rosso, Ginger Ale<\/span><br \/><br \/>Zumos: naranja, pi\u00f1a, pomelo, melocot\u00f3n, manzana, frutos rojos y tomate<br \/><span style=\"color: #6cabbf;\">Juices: orange, pineapple, grapefruit, apple, peach, cranberry and tomato juice<\/span><br \/><br \/>Batidos: chocolate, vainilla y fresa<br \/><span style=\"color: #6cabbf;\">Milshakes: chocolate, vanilla and strawberry<\/span><br \/><br \/>Agua sin gas y agua con gas<br \/><span style=\"color: #6cabbf;\">Still or sparkling water<\/span><\/p>\t\t\t\t\t\t\t\t<\/div>\n\t\t\t\t<\/div>\n\t\t\t\t\t<\/div>\n\t\t<\/div>\n\t\t\t\t\t<\/div>\n\t\t<\/section>\n\t\t\t\t<section class=\"elementor-section elementor-top-section elementor-element elementor-element-98133a6 elementor-section-boxed elementor-section-height-default elementor-section-height-default\" data-id=\"98133a6\" data-element_type=\"section\" data-e-type=\"section\">\n\t\t\t\t\t\t<div class=\"elementor-container elementor-column-gap-default\">\n\t\t\t\t\t<div class=\"elementor-column elementor-col-100 elementor-top-column elementor-element elementor-element-2df10fe\" data-id=\"2df10fe\" data-element_type=\"column\" data-e-type=\"column\">\n\t\t\t<div class=\"elementor-widget-wrap elementor-element-populated\">\n\t\t\t\t\t\t<div class=\"elementor-element elementor-element-c77809a elementor-widget elementor-widget-heading\" data-id=\"c77809a\" data-element_type=\"widget\" data-e-type=\"widget\" data-widget_type=\"heading.default\">\n\t\t\t\t<div class=\"elementor-widget-container\">\n\t\t\t\t\t<h2 class=\"elementor-heading-title elementor-size-default\">CERVEZAS \/ <span style=\"color: #6cabbf\">BEERS<\/span><\/h2>\t\t\t\t<\/div>\n\t\t\t\t<\/div>\n\t\t\t\t<div class=\"elementor-element elementor-element-506bcec elementor-widget elementor-widget-text-editor\" data-id=\"506bcec\" data-element_type=\"widget\" data-e-type=\"widget\" data-widget_type=\"text-editor.default\">\n\t\t\t\t<div class=\"elementor-widget-container\">\n\t\t\t\t\t\t\t\t\tCa\u00f1a o Pinta Amstel\n<br>\n<span style=\"color: #6cabbf;\">Half Pint or Pint of Amstel<\/span>\n<br>\n1\/3 o 1\/5 Cerveza 0,0 Amstel\n<br>\n<span style=\"color: #6cabbf;\">1\/3 or 1\/5 Beer 0,0 Amstel<\/span>\n<br>\n1\/3 San Miguel (Sin Gluten)\n<br>\n<span style=\"color: #6cabbf;\">1\/3 San Miguel (Gluten Free)<\/span>\t\t\t\t\t\t\t\t<\/div>\n\t\t\t\t<\/div>\n\t\t\t\t\t<\/div>\n\t\t<\/div>\n\t\t\t\t\t<\/div>\n\t\t<\/section>\n\t\t\t\t<section class=\"elementor-section elementor-top-section elementor-element elementor-element-dc2c082 elementor-section-boxed elementor-section-height-default elementor-section-height-default\" data-id=\"dc2c082\" data-element_type=\"section\" data-e-type=\"section\">\n\t\t\t\t\t\t<div class=\"elementor-container elementor-column-gap-default\">\n\t\t\t\t\t<div class=\"elementor-column elementor-col-100 elementor-top-column elementor-element elementor-element-c5ca4b9\" data-id=\"c5ca4b9\" data-element_type=\"column\" data-e-type=\"column\">\n\t\t\t<div class=\"elementor-widget-wrap elementor-element-populated\">\n\t\t\t\t\t\t<div class=\"elementor-element elementor-element-ff93b7d elementor-widget elementor-widget-heading\" data-id=\"ff93b7d\" data-element_type=\"widget\" data-e-type=\"widget\" data-widget_type=\"heading.default\">\n\t\t\t\t<div class=\"elementor-widget-container\">\n\t\t\t\t\t<h2 class=\"elementor-heading-title elementor-size-default\">VINOS \/<span style=\"color: #6cabbf\"> WINES<\/span><\/h2>\t\t\t\t<\/div>\n\t\t\t\t<\/div>\n\t\t\t\t<div class=\"elementor-element elementor-element-712e887 elementor-widget elementor-widget-text-editor\" data-id=\"712e887\" data-element_type=\"widget\" data-e-type=\"widget\" data-widget_type=\"text-editor.default\">\n\t\t\t\t<div class=\"elementor-widget-container\">\n\t\t\t\t\t\t\t\t\t<p>Vinos de la casa: Tinto, Rosado y Blanco<br><span style=\"color: #6cabbf;\">House Wines: Red, Rose or White<\/span><\/p>\n<p>Moscatel, Oporto, Emparrado (vino semidulce), Jerez y Fino<br><span style=\"color: #6cabbf;\">Moscatel, Oporto, Emparrado (semi-sweet wine) Jerez and Fino<\/span><\/p>\n<p>Cava &amp; Sidra<br><span style=\"color: #6cabbf;\">Cava &amp; Cider<\/span><\/p>\t\t\t\t\t\t\t\t<\/div>\n\t\t\t\t<\/div>\n\t\t\t\t\t<\/div>\n\t\t<\/div>\n\t\t\t\t\t<\/div>\n\t\t<\/section>\n\t\t\t\t<section class=\"elementor-section elementor-top-section elementor-element elementor-element-97f98a0 elementor-section-boxed elementor-section-height-default elementor-section-height-default\" data-id=\"97f98a0\" data-element_type=\"section\" data-e-type=\"section\">\n\t\t\t\t\t\t<div class=\"elementor-container elementor-column-gap-default\">\n\t\t\t\t\t<div class=\"elementor-column elementor-col-100 elementor-top-column elementor-element elementor-element-ed550c6\" data-id=\"ed550c6\" data-element_type=\"column\" data-e-type=\"column\">\n\t\t\t<div class=\"elementor-widget-wrap elementor-element-populated\">\n\t\t\t\t\t\t<div class=\"elementor-element elementor-element-4bfd74b elementor-widget elementor-widget-heading\" data-id=\"4bfd74b\" data-element_type=\"widget\" data-e-type=\"widget\" data-widget_type=\"heading.default\">\n\t\t\t\t<div class=\"elementor-widget-container\">\n\t\t\t\t\t<h2 class=\"elementor-heading-title elementor-size-default\">BEBIDAS ESPIRITUOSAS \/ <span style=\"color: #6cabbf\">SPIRITUOUS BEVERAGES<\/span><\/h2>\t\t\t\t<\/div>\n\t\t\t\t<\/div>\n\t\t\t\t<div class=\"elementor-element elementor-element-417bfb1 elementor-widget elementor-widget-text-editor\" data-id=\"417bfb1\" data-element_type=\"widget\" data-e-type=\"widget\" data-widget_type=\"text-editor.default\">\n\t\t\t\t<div class=\"elementor-widget-container\">\n\t\t\t\t\t\t\t\t\t<p><strong>Whisky:<\/strong> DYC, Cutty Sark, Four Roses, J&amp;B, Ballantine\u2019s, Ballantine\u2019s 20\u00ba, Johnnie Walker Red Label, Dewar \u0301s white Label y Jim Bean<\/p><p><span style=\"color: #6cabbf;\"><strong>Whisky:<\/strong> DYC, Cutty Sark, Four Roses, J&amp;B,\u00a0<\/span><span style=\"color: #6cabbf;\">Ballantine\u2019s,<\/span><span style=\"color: #6cabbf;\"> Ballantine\u2019s 20\u00ba, Johnnie Walker Red Label, Dewar \u0301s white Label and Jim Bean<\/span><\/p><p><strong>Vodka:<\/strong> Smirnoff<\/p><p><span style=\"color: #6cabbf;\"><strong>Vodka:<\/strong> Smirnoff<\/span><\/p><p><strong>Ron:<\/strong> Negrita, Brugal, Capit\u00e1n Morgan Dark, Capit\u00e1n Morgan Spiced, Bacard\u00ed y Malib\u00fa<\/p><p><span style=\"color: #6cabbf;\"><strong>Rum:<\/strong> Negrita, Brugal, Captain Morgan Dark, Captain Morgan Spiced, Bacardi and Malibu<\/span><\/p><p><strong>Brandy:<\/strong> Soberano, Veterano, Carlos III, Magno, 103 y Cherry Brandy<\/p><p><span style=\"color: #6cabbf;\"><strong>Brandy:<\/strong> Soberano, Veterano, Carlos III, Magno, 103 and Cherry Brandy<\/span><\/p><p><strong>Ginebras:<\/strong> Larios, Bombay, Beefeater, Tanqueray y Pink Gin<\/p><p><span style=\"color: #6cabbf;\"><strong>Gins:<\/strong> Larios, Bombay, Beefeater, Tanqueray and Pink Gin<br \/><\/span><\/p><p><strong>An\u00eds:<\/strong> Bombita, Palometa, Marie Bizard<\/p><p><span style=\"color: #6cabbf;\"><strong>Anise:<\/strong> Bombita, Palometa, Marie Bizard<\/span><\/p><p><strong>Cremas:<\/strong> Baileys, Crema de Orujo Ruavieja<\/p><p><span style=\"color: #6cabbf;\"><strong>Creams:<\/strong> Baileys, Ruavieja Cream of Orujo<\/span><\/p><p><strong>Aperitivo:<\/strong> Martini Blanco, Martini Rojo, Martini Seco, Pernod y Campari<\/p><p><span style=\"color: #6cabbf;\"><strong>Appetizer:<\/strong> White Martini, Red Martini, Dry Martini, Pernod and Campari<\/span><\/p><p><strong>Ponche:<\/strong> Caballero y Osborne<\/p><p><span style=\"color: #6cabbf;\"><strong>Punch:<\/strong> Caballero and Osborne<\/span><\/p><p><strong>Tequila:<\/strong> Teka<\/p><p><span style=\"color: #6cabbf;\"><strong>Tequila:<\/strong> Teka<\/span><\/p><p><strong>Licores:<\/strong> Amaretto Aguilar, Licor de Hiervas Ruavieja, Orujo Blanco, Ruavieja, T\u00eda Carmen, Peppermint, Pachar\u00e1n Zoco, Blue Cura\u00e7ao, J\u00e4germeister Aguilar, Limoncello, Manzana, Naranja, Avellana y Melocot\u00f3n<\/p><p><span style=\"color: #6cabbf;\"><strong>Liquors:<\/strong> Amaretto Aguilar, Ruavieja Herbal Liqueur, Ruavieja White Orujo, Tia Carmen, Peppermint, Pacharan Zoco, Blue Cura\u00e7ao, J\u00e4germeister Aguilar, Limoncello, Apple, Orange, Hazelnut, and Peach<\/span><\/p><p><strong>Sin Alcohol:<\/strong> Blackcurrant, Tanqueray 0\u20190, Granadina, Manzana, Melocot\u00f3n, Avellana, Mora y Martini<\/p><p><span style=\"color: #6cabbf;\"><strong>Non \u2013 Alcohol:<\/strong> Blackcurrant, Tanqueray 0\u20190, Grenadine, Apple, Peach, Hazelnut, Blackberry and Martini<br \/><\/span><\/p>\t\t\t\t\t\t\t\t<\/div>\n\t\t\t\t<\/div>\n\t\t\t\t\t<\/div>\n\t\t<\/div>\n\t\t\t\t\t<\/div>\n\t\t<\/section>\n\t\t\t\t<section class=\"elementor-section elementor-top-section elementor-element elementor-element-7543725 elementor-section-boxed elementor-section-height-default elementor-section-height-default\" data-id=\"7543725\" data-element_type=\"section\" data-e-type=\"section\">\n\t\t\t\t\t\t<div class=\"elementor-container elementor-column-gap-default\">\n\t\t\t\t\t<div class=\"elementor-column elementor-col-100 elementor-top-column elementor-element elementor-element-43ff6ef\" data-id=\"43ff6ef\" data-element_type=\"column\" data-e-type=\"column\">\n\t\t\t<div class=\"elementor-widget-wrap elementor-element-populated\">\n\t\t\t\t\t\t<div class=\"elementor-element elementor-element-f7bddff elementor-widget elementor-widget-heading\" data-id=\"f7bddff\" data-element_type=\"widget\" data-e-type=\"widget\" data-widget_type=\"heading.default\">\n\t\t\t\t<div class=\"elementor-widget-container\">\n\t\t\t\t\t<h2 class=\"elementor-heading-title elementor-size-default\">C\u00d3CTELES \/ <span style=\"color: #6cabbf\">COCKTAILS<\/span><\/h2>\t\t\t\t<\/div>\n\t\t\t\t<\/div>\n\t\t\t\t<div class=\"elementor-element elementor-element-31a6378 elementor-widget elementor-widget-text-editor\" data-id=\"31a6378\" data-element_type=\"widget\" data-e-type=\"widget\" data-widget_type=\"text-editor.default\">\n\t\t\t\t<div class=\"elementor-widget-container\">\n\t\t\t\t\t\t\t\t\t<p>Mojito<br>\nPi\u00f1a Colada<br>\nPi\u00f1a Colada Sin Alcohol \/ <span style=\"color: #6cabbf;\">Pi\u00f1a Colada Alcohol &#8211; Free<\/span><br>\nLove on the Beach<br>\nSan Francisco<br>\nTequila Sunrise<br>\nDaiquiri Fresa \/ <span style=\"color: #6cabbf;\">Strawberry Daiquiri<\/span><br>\nMargarita<br>\nVodka Sun<\/p>\t\t\t\t\t\t\t\t<\/div>\n\t\t\t\t<\/div>\n\t\t\t\t\t<\/div>\n\t\t<\/div>\n\t\t\t\t\t<\/div>\n\t\t<\/section>\n\t\t\t\t<\/div>\n\t\t","protected":false},"excerpt":{"rendered":"<p>TODO INCLUIDO \/ ALL INCLUSIVE Todo producto no incluido en el TODO INCLUIDO\u00a0tiene un descuento de un 30% Any product not included in the ALL INCLUSIVE\u00a0has a discount of 30% CAF\u00c9S \/ COFFEES Expreso Expresso Caf\u00e9 Cortado Espresso with a Dash of Milk Caf\u00e9 con leche Coffee Latte Caf\u00e9 Bomb\u00f3n Espresso with Sweetened Condensed Milk [&hellip;]<\/p>\n","protected":false},"author":1,"featured_media":0,"parent":0,"menu_order":0,"comment_status":"closed","ping_status":"closed","template":"","meta":{"site-sidebar-layout":"default","site-content-layout":"","ast-site-content-layout":"default","site-content-style":"default","site-sidebar-style":"default","ast-global-header-display":"","ast-banner-title-visibility":"","ast-main-header-display":"","ast-hfb-above-header-display":"","ast-hfb-below-header-display":"","ast-hfb-mobile-header-display":"","site-post-title":"","ast-breadcrumbs-content":"","ast-featured-img":"","footer-sml-layout":"","ast-disable-related-posts":"","theme-transparent-header-meta":"","adv-header-id-meta":"","stick-header-meta":"","header-above-stick-meta":"","header-main-stick-meta":"","header-below-stick-meta":"","astra-migrate-meta-layouts":"default","ast-page-background-enabled":"default","ast-page-background-meta":{"desktop":{"background-color":"var(--ast-global-color-4)","background-image":"","background-repeat":"repeat","background-position":"center center","background-size":"auto","background-attachment":"scroll","background-type":"","background-media":"","overlay-type":"","overlay-color":"","overlay-opacity":"","overlay-gradient":""},"tablet":{"background-color":"","background-image":"","background-repeat":"repeat","background-position":"center center","background-size":"auto","background-attachment":"scroll","background-type":"","background-media":"","overlay-type":"","overlay-color":"","overlay-opacity":"","overlay-gradient":""},"mobile":{"background-color":"","background-image":"","background-repeat":"repeat","background-position":"center center","background-size":"auto","background-attachment":"scroll","background-type":"","background-media":"","overlay-type":"","overlay-color":"","overlay-opacity":"","overlay-gradient":""}},"ast-content-background-meta":{"desktop":{"background-color":"var(--ast-global-color-5)","background-image":"","background-repeat":"repeat","background-position":"center center","background-size":"auto","background-attachment":"scroll","background-type":"","background-media":"","overlay-type":"","overlay-color":"","overlay-opacity":"","overlay-gradient":""},"tablet":{"background-color":"var(--ast-global-color-5)","background-image":"","background-repeat":"repeat","background-position":"center center","background-size":"auto","background-attachment":"scroll","background-type":"","background-media":"","overlay-type":"","overlay-color":"","overlay-opacity":"","overlay-gradient":""},"mobile":{"background-color":"var(--ast-global-color-5)","background-image":"","background-repeat":"repeat","background-position":"center center","background-size":"auto","background-attachment":"scroll","background-type":"","background-media":"","overlay-type":"","overlay-color":"","overlay-opacity":"","overlay-gradient":""}},"footnotes":""},"class_list":["post-399","page","type-page","status-publish","hentry"],"_links":{"self":[{"href":"https:\/\/cartamenumovil.com\/hotelaguaazul\/wp-json\/wp\/v2\/pages\/399","targetHints":{"allow":["GET"]}}],"collection":[{"href":"https:\/\/cartamenumovil.com\/hotelaguaazul\/wp-json\/wp\/v2\/pages"}],"about":[{"href":"https:\/\/cartamenumovil.com\/hotelaguaazul\/wp-json\/wp\/v2\/types\/page"}],"author":[{"embeddable":true,"href":"https:\/\/cartamenumovil.com\/hotelaguaazul\/wp-json\/wp\/v2\/users\/1"}],"replies":[{"embeddable":true,"href":"https:\/\/cartamenumovil.com\/hotelaguaazul\/wp-json\/wp\/v2\/comments?post=399"}],"version-history":[{"count":159,"href":"https:\/\/cartamenumovil.com\/hotelaguaazul\/wp-json\/wp\/v2\/pages\/399\/revisions"}],"predecessor-version":[{"id":1879,"href":"https:\/\/cartamenumovil.com\/hotelaguaazul\/wp-json\/wp\/v2\/pages\/399\/revisions\/1879"}],"wp:attachment":[{"href":"https:\/\/cartamenumovil.com\/hotelaguaazul\/wp-json\/wp\/v2\/media?parent=399"}],"curies":[{"name":"wp","href":"https:\/\/api.w.org\/{rel}","templated":true}]}}