{"id":436,"date":"2020-07-22T15:54:08","date_gmt":"2020-07-22T13:54:08","guid":{"rendered":"http:\/\/cartamenumovil.com\/hotelaguaazul\/\/?page_id=436"},"modified":"2023-06-09T08:23:15","modified_gmt":"2023-06-09T06:23:15","slug":"habitaciones","status":"publish","type":"page","link":"https:\/\/cartamenumovil.com\/hotelaguaazul\/habitaciones\/","title":{"rendered":"Habitaciones"},"content":{"rendered":"\t\t<div data-elementor-type=\"wp-page\" data-elementor-id=\"436\" class=\"elementor elementor-436\">\n\t\t\t\t\t\t<section class=\"elementor-section elementor-top-section elementor-element elementor-element-988d635 elementor-section-boxed elementor-section-height-default elementor-section-height-default\" data-id=\"988d635\" data-element_type=\"section\" data-e-type=\"section\" data-settings=\"{&quot;background_background&quot;:&quot;classic&quot;}\">\n\t\t\t\t\t\t\t<div class=\"elementor-background-overlay\"><\/div>\n\t\t\t\t\t\t\t<div class=\"elementor-container elementor-column-gap-default\">\n\t\t\t\t\t<div class=\"elementor-column elementor-col-100 elementor-top-column elementor-element elementor-element-4f3b769\" data-id=\"4f3b769\" data-element_type=\"column\" data-e-type=\"column\">\n\t\t\t<div class=\"elementor-widget-wrap elementor-element-populated\">\n\t\t\t\t\t\t<div class=\"elementor-element elementor-element-2ebb4ff elementor-widget-divider--view-line_text elementor-widget-divider--element-align-center elementor-widget elementor-widget-divider\" data-id=\"2ebb4ff\" data-element_type=\"widget\" data-e-type=\"widget\" data-widget_type=\"divider.default\">\n\t\t\t\t<div class=\"elementor-widget-container\">\n\t\t\t\t\t\t\t<div class=\"elementor-divider\">\n\t\t\t<span class=\"elementor-divider-separator\">\n\t\t\t\t\t\t\t<span class=\"elementor-divider__text elementor-divider__element\">\n\t\t\t\tROOM SERVICE\t\t\t\t<\/span>\n\t\t\t\t\t\t<\/span>\n\t\t<\/div>\n\t\t\t\t\t\t<\/div>\n\t\t\t\t<\/div>\n\t\t\t\t\t<\/div>\n\t\t<\/div>\n\t\t\t\t\t<\/div>\n\t\t<\/section>\n\t\t\t\t<section class=\"elementor-section elementor-top-section elementor-element elementor-element-12397e5 elementor-section-boxed elementor-section-height-default elementor-section-height-default\" data-id=\"12397e5\" data-element_type=\"section\" data-e-type=\"section\">\n\t\t\t\t\t\t<div class=\"elementor-container elementor-column-gap-default\">\n\t\t\t\t\t<div class=\"elementor-column elementor-col-100 elementor-top-column elementor-element elementor-element-bb19282\" data-id=\"bb19282\" data-element_type=\"column\" data-e-type=\"column\">\n\t\t\t<div class=\"elementor-widget-wrap elementor-element-populated\">\n\t\t\t\t\t\t<div class=\"elementor-element elementor-element-924254f elementor-widget elementor-widget-image\" data-id=\"924254f\" data-element_type=\"widget\" data-e-type=\"widget\" data-widget_type=\"image.default\">\n\t\t\t\t<div class=\"elementor-widget-container\">\n\t\t\t\t\t\t\t\t\t\t\t\t\t\t\t<img fetchpriority=\"high\" decoding=\"async\" width=\"671\" height=\"1024\" src=\"https:\/\/cartamenumovil.com\/hotelaguaazul\/wp-content\/uploads\/2023\/06\/Captura-de-pantalla-2021-06-21-a-las-10.28.50-671x1024-1.jpg\" class=\"attachment-large size-large wp-image-1515\" alt=\"\" srcset=\"https:\/\/cartamenumovil.com\/hotelaguaazul\/wp-content\/uploads\/2023\/06\/Captura-de-pantalla-2021-06-21-a-las-10.28.50-671x1024-1.jpg 671w, https:\/\/cartamenumovil.com\/hotelaguaazul\/wp-content\/uploads\/2023\/06\/Captura-de-pantalla-2021-06-21-a-las-10.28.50-671x1024-1-197x300.jpg 197w\" sizes=\"(max-width: 671px) 100vw, 671px\" \/>\t\t\t\t\t\t\t\t\t\t\t\t\t\t\t<\/div>\n\t\t\t\t<\/div>\n\t\t\t\t<div class=\"elementor-element elementor-element-52f3719 elementor-widget elementor-widget-image\" data-id=\"52f3719\" data-element_type=\"widget\" data-e-type=\"widget\" data-widget_type=\"image.default\">\n\t\t\t\t<div class=\"elementor-widget-container\">\n\t\t\t\t\t\t\t\t\t\t\t\t\t\t\t<img decoding=\"async\" width=\"650\" height=\"1024\" src=\"https:\/\/cartamenumovil.com\/hotelaguaazul\/wp-content\/uploads\/2023\/06\/Captura-de-pantalla-2021-06-21-a-las-10.29.00-650x1024-1.png\" class=\"attachment-large size-large wp-image-1516\" alt=\"\" srcset=\"https:\/\/cartamenumovil.com\/hotelaguaazul\/wp-content\/uploads\/2023\/06\/Captura-de-pantalla-2021-06-21-a-las-10.29.00-650x1024-1.png 650w, https:\/\/cartamenumovil.com\/hotelaguaazul\/wp-content\/uploads\/2023\/06\/Captura-de-pantalla-2021-06-21-a-las-10.29.00-650x1024-1-190x300.png 190w\" sizes=\"(max-width: 650px) 100vw, 650px\" \/>\t\t\t\t\t\t\t\t\t\t\t\t\t\t\t<\/div>\n\t\t\t\t<\/div>\n\t\t\t\t<div class=\"elementor-element elementor-element-dfe1f62 elementor-widget elementor-widget-text-editor\" data-id=\"dfe1f62\" data-element_type=\"widget\" data-e-type=\"widget\" data-widget_type=\"text-editor.default\">\n\t\t\t\t<div class=\"elementor-widget-container\">\n\t\t\t\t\t\t\t\t\t<p><strong><u>Servicio de Habitaciones:<\/u><\/strong><\/p>\n<ul>\n<li>Horario: 08:30h a 21:00h<\/li>\n\n<li>Cuando quiera que se le retire de la habitaci\u00f3n el servicio proporcionado, deber\u00e1 llamar a recepci\u00f3n y se\u00f1alar la hora en que quiera que pasen a retirarlo<\/li>\n<\/ul>\n<p><em><strong><u>Room Service:<\/u><\/strong><\/em><\/p>\n<ul>\n<li><em>Service: 08:30 a.m. to 09:00 p.m.<\/em><\/li>\n\n<li><em>When you want that the service provided is removed from your room, you must call the reception and indicate the time you want them to pick it up<\/em><\/li>\n<\/ul>\t\t\t\t\t\t\t\t<\/div>\n\t\t\t\t<\/div>\n\t\t\t\t\t<\/div>\n\t\t<\/div>\n\t\t\t\t\t<\/div>\n\t\t<\/section>\n\t\t\t\t<section class=\"elementor-section elementor-top-section elementor-element elementor-element-6d92d92 elementor-section-boxed elementor-section-height-default elementor-section-height-default\" data-id=\"6d92d92\" data-element_type=\"section\" data-e-type=\"section\" data-settings=\"{&quot;background_background&quot;:&quot;classic&quot;}\">\n\t\t\t\t\t\t\t<div class=\"elementor-background-overlay\"><\/div>\n\t\t\t\t\t\t\t<div class=\"elementor-container elementor-column-gap-default\">\n\t\t\t\t\t<div class=\"elementor-column elementor-col-100 elementor-top-column elementor-element elementor-element-7fc7d92\" data-id=\"7fc7d92\" data-element_type=\"column\" data-e-type=\"column\">\n\t\t\t<div class=\"elementor-widget-wrap elementor-element-populated\">\n\t\t\t\t\t\t<div class=\"elementor-element elementor-element-7d31acb elementor-widget-divider--view-line_text elementor-widget-divider--element-align-center elementor-widget elementor-widget-divider\" data-id=\"7d31acb\" data-element_type=\"widget\" data-e-type=\"widget\" data-widget_type=\"divider.default\">\n\t\t\t\t<div class=\"elementor-widget-container\">\n\t\t\t\t\t\t\t<div class=\"elementor-divider\">\n\t\t\t<span class=\"elementor-divider-separator\">\n\t\t\t\t\t\t\t<span class=\"elementor-divider__text elementor-divider__element\">\n\t\t\t\tALMOHADAS \/ PILLOWS\t\t\t\t<\/span>\n\t\t\t\t\t\t<\/span>\n\t\t<\/div>\n\t\t\t\t\t\t<\/div>\n\t\t\t\t<\/div>\n\t\t\t\t\t<\/div>\n\t\t<\/div>\n\t\t\t\t\t<\/div>\n\t\t<\/section>\n\t\t\t\t<section class=\"elementor-section elementor-top-section elementor-element elementor-element-d5aa5a2 elementor-section-boxed elementor-section-height-default elementor-section-height-default\" data-id=\"d5aa5a2\" data-element_type=\"section\" data-e-type=\"section\">\n\t\t\t\t\t\t<div class=\"elementor-container elementor-column-gap-default\">\n\t\t\t\t\t<div class=\"elementor-column elementor-col-100 elementor-top-column elementor-element elementor-element-49a82ac\" data-id=\"49a82ac\" data-element_type=\"column\" data-e-type=\"column\">\n\t\t\t<div class=\"elementor-widget-wrap elementor-element-populated\">\n\t\t\t\t\t\t<div class=\"elementor-element elementor-element-e1ba9c3 elementor-widget elementor-widget-image\" data-id=\"e1ba9c3\" data-element_type=\"widget\" data-e-type=\"widget\" data-widget_type=\"image.default\">\n\t\t\t\t<div class=\"elementor-widget-container\">\n\t\t\t\t\t\t\t\t\t\t\t\t\t\t\t<img decoding=\"async\" width=\"1024\" height=\"478\" src=\"https:\/\/cartamenumovil.com\/hotelaguaazul\/wp-content\/uploads\/2020\/07\/almohadas-1024x478.png\" class=\"attachment-large size-large wp-image-445\" alt=\"\" srcset=\"https:\/\/cartamenumovil.com\/hotelaguaazul\/wp-content\/uploads\/2020\/07\/almohadas-1024x478.png 1024w, https:\/\/cartamenumovil.com\/hotelaguaazul\/wp-content\/uploads\/2020\/07\/almohadas-300x140.png 300w, https:\/\/cartamenumovil.com\/hotelaguaazul\/wp-content\/uploads\/2020\/07\/almohadas-768x359.png 768w, https:\/\/cartamenumovil.com\/hotelaguaazul\/wp-content\/uploads\/2020\/07\/almohadas.png 1473w\" sizes=\"(max-width: 1024px) 100vw, 1024px\" \/>\t\t\t\t\t\t\t\t\t\t\t\t\t\t\t<\/div>\n\t\t\t\t<\/div>\n\t\t\t\t\t<\/div>\n\t\t<\/div>\n\t\t\t\t\t<\/div>\n\t\t<\/section>\n\t\t\t\t<\/div>\n\t\t","protected":false},"excerpt":{"rendered":"<p>ROOM SERVICE Servicio de Habitaciones: Horario: 08:30h a 21:00h Cuando quiera que se le retire de la habitaci\u00f3n el servicio proporcionado, deber\u00e1 llamar a recepci\u00f3n y se\u00f1alar la hora en que quiera que pasen a retirarlo Room Service: Service: 08:30 a.m. to 09:00 p.m. When you want that the service provided is removed from your [&hellip;]<\/p>\n","protected":false},"author":1,"featured_media":0,"parent":0,"menu_order":0,"comment_status":"closed","ping_status":"closed","template":"","meta":{"site-sidebar-layout":"default","site-content-layout":"","ast-site-content-layout":"default","site-content-style":"default","site-sidebar-style":"default","ast-global-header-display":"","ast-banner-title-visibility":"","ast-main-header-display":"","ast-hfb-above-header-display":"","ast-hfb-below-header-display":"","ast-hfb-mobile-header-display":"","site-post-title":"","ast-breadcrumbs-content":"","ast-featured-img":"","footer-sml-layout":"","ast-disable-related-posts":"","theme-transparent-header-meta":"","adv-header-id-meta":"","stick-header-meta":"","header-above-stick-meta":"","header-main-stick-meta":"","header-below-stick-meta":"","astra-migrate-meta-layouts":"default","ast-page-background-enabled":"default","ast-page-background-meta":{"desktop":{"background-color":"var(--ast-global-color-4)","background-image":"","background-repeat":"repeat","background-position":"center center","background-size":"auto","background-attachment":"scroll","background-type":"","background-media":"","overlay-type":"","overlay-color":"","overlay-opacity":"","overlay-gradient":""},"tablet":{"background-color":"","background-image":"","background-repeat":"repeat","background-position":"center center","background-size":"auto","background-attachment":"scroll","background-type":"","background-media":"","overlay-type":"","overlay-color":"","overlay-opacity":"","overlay-gradient":""},"mobile":{"background-color":"","background-image":"","background-repeat":"repeat","background-position":"center center","background-size":"auto","background-attachment":"scroll","background-type":"","background-media":"","overlay-type":"","overlay-color":"","overlay-opacity":"","overlay-gradient":""}},"ast-content-background-meta":{"desktop":{"background-color":"var(--ast-global-color-5)","background-image":"","background-repeat":"repeat","background-position":"center center","background-size":"auto","background-attachment":"scroll","background-type":"","background-media":"","overlay-type":"","overlay-color":"","overlay-opacity":"","overlay-gradient":""},"tablet":{"background-color":"var(--ast-global-color-5)","background-image":"","background-repeat":"repeat","background-position":"center center","background-size":"auto","background-attachment":"scroll","background-type":"","background-media":"","overlay-type":"","overlay-color":"","overlay-opacity":"","overlay-gradient":""},"mobile":{"background-color":"var(--ast-global-color-5)","background-image":"","background-repeat":"repeat","background-position":"center center","background-size":"auto","background-attachment":"scroll","background-type":"","background-media":"","overlay-type":"","overlay-color":"","overlay-opacity":"","overlay-gradient":""}},"footnotes":""},"class_list":["post-436","page","type-page","status-publish","hentry"],"_links":{"self":[{"href":"https:\/\/cartamenumovil.com\/hotelaguaazul\/wp-json\/wp\/v2\/pages\/436","targetHints":{"allow":["GET"]}}],"collection":[{"href":"https:\/\/cartamenumovil.com\/hotelaguaazul\/wp-json\/wp\/v2\/pages"}],"about":[{"href":"https:\/\/cartamenumovil.com\/hotelaguaazul\/wp-json\/wp\/v2\/types\/page"}],"author":[{"embeddable":true,"href":"https:\/\/cartamenumovil.com\/hotelaguaazul\/wp-json\/wp\/v2\/users\/1"}],"replies":[{"embeddable":true,"href":"https:\/\/cartamenumovil.com\/hotelaguaazul\/wp-json\/wp\/v2\/comments?post=436"}],"version-history":[{"count":23,"href":"https:\/\/cartamenumovil.com\/hotelaguaazul\/wp-json\/wp\/v2\/pages\/436\/revisions"}],"predecessor-version":[{"id":1519,"href":"https:\/\/cartamenumovil.com\/hotelaguaazul\/wp-json\/wp\/v2\/pages\/436\/revisions\/1519"}],"wp:attachment":[{"href":"https:\/\/cartamenumovil.com\/hotelaguaazul\/wp-json\/wp\/v2\/media?parent=436"}],"curies":[{"name":"wp","href":"https:\/\/api.w.org\/{rel}","templated":true}]}}