{"id":453,"date":"2020-07-22T16:10:26","date_gmt":"2020-07-22T14:10:26","guid":{"rendered":"http:\/\/cartamenumovil.com\/hotelaguaazul\/\/?page_id=453"},"modified":"2024-08-07T09:29:49","modified_gmt":"2024-08-07T07:29:49","slug":"piscina","status":"publish","type":"page","link":"https:\/\/cartamenumovil.com\/hotelaguaazul\/piscina\/","title":{"rendered":"Piscina"},"content":{"rendered":"\t\t<div data-elementor-type=\"wp-page\" data-elementor-id=\"453\" class=\"elementor elementor-453\">\n\t\t\t\t\t\t<section class=\"elementor-section elementor-top-section elementor-element elementor-element-988d635 elementor-section-boxed elementor-section-height-default elementor-section-height-default\" data-id=\"988d635\" data-element_type=\"section\" data-e-type=\"section\" data-settings=\"{&quot;background_background&quot;:&quot;classic&quot;}\">\n\t\t\t\t\t\t\t<div class=\"elementor-background-overlay\"><\/div>\n\t\t\t\t\t\t\t<div class=\"elementor-container elementor-column-gap-default\">\n\t\t\t\t\t<div class=\"elementor-column elementor-col-100 elementor-top-column elementor-element elementor-element-4f3b769\" data-id=\"4f3b769\" data-element_type=\"column\" data-e-type=\"column\">\n\t\t\t<div class=\"elementor-widget-wrap elementor-element-populated\">\n\t\t\t\t\t\t<div class=\"elementor-element elementor-element-2ebb4ff elementor-widget-divider--view-line_text elementor-widget-divider--element-align-center elementor-widget elementor-widget-divider\" data-id=\"2ebb4ff\" data-element_type=\"widget\" data-e-type=\"widget\" data-widget_type=\"divider.default\">\n\t\t\t\t<div class=\"elementor-widget-container\">\n\t\t\t\t\t\t\t<div class=\"elementor-divider\">\n\t\t\t<span class=\"elementor-divider-separator\">\n\t\t\t\t\t\t\t<span class=\"elementor-divider__text elementor-divider__element\">\n\t\t\t\tPISCINA \/ POOL\t\t\t\t<\/span>\n\t\t\t\t\t\t<\/span>\n\t\t<\/div>\n\t\t\t\t\t\t<\/div>\n\t\t\t\t<\/div>\n\t\t\t\t<div class=\"elementor-element elementor-element-b68a27d elementor-widget elementor-widget-image\" data-id=\"b68a27d\" data-element_type=\"widget\" data-e-type=\"widget\" data-widget_type=\"image.default\">\n\t\t\t\t<div class=\"elementor-widget-container\">\n\t\t\t\t\t\t\t\t\t\t\t\t\t\t\t<img fetchpriority=\"high\" decoding=\"async\" width=\"1024\" height=\"532\" src=\"https:\/\/cartamenumovil.com\/hotelaguaazul\/wp-content\/uploads\/2024\/03\/Piscina2-1024x532.jpg\" class=\"attachment-large size-large wp-image-1830\" alt=\"\" srcset=\"https:\/\/cartamenumovil.com\/hotelaguaazul\/wp-content\/uploads\/2024\/03\/Piscina2-1024x532.jpg 1024w, https:\/\/cartamenumovil.com\/hotelaguaazul\/wp-content\/uploads\/2024\/03\/Piscina2-300x156.jpg 300w, https:\/\/cartamenumovil.com\/hotelaguaazul\/wp-content\/uploads\/2024\/03\/Piscina2-768x399.jpg 768w, https:\/\/cartamenumovil.com\/hotelaguaazul\/wp-content\/uploads\/2024\/03\/Piscina2-1536x797.jpg 1536w, https:\/\/cartamenumovil.com\/hotelaguaazul\/wp-content\/uploads\/2024\/03\/Piscina2-2048x1063.jpg 2048w\" sizes=\"(max-width: 1024px) 100vw, 1024px\" \/>\t\t\t\t\t\t\t\t\t\t\t\t\t\t\t<\/div>\n\t\t\t\t<\/div>\n\t\t\t\t\t<\/div>\n\t\t<\/div>\n\t\t\t\t\t<\/div>\n\t\t<\/section>\n\t\t\t\t<section class=\"elementor-section elementor-top-section elementor-element elementor-element-12397e5 elementor-section-boxed elementor-section-height-default elementor-section-height-default\" data-id=\"12397e5\" data-element_type=\"section\" data-e-type=\"section\">\n\t\t\t\t\t\t<div class=\"elementor-container elementor-column-gap-default\">\n\t\t\t\t\t<div class=\"elementor-column elementor-col-100 elementor-top-column elementor-element elementor-element-bb19282\" data-id=\"bb19282\" data-element_type=\"column\" data-e-type=\"column\">\n\t\t\t<div class=\"elementor-widget-wrap elementor-element-populated\">\n\t\t\t\t\t\t<div class=\"elementor-element elementor-element-38aca73 elementor-widget elementor-widget-text-editor\" data-id=\"38aca73\" data-element_type=\"widget\" data-e-type=\"widget\" data-widget_type=\"text-editor.default\">\n\t\t\t\t<div class=\"elementor-widget-container\">\n\t\t\t\t\t\t\t\t\t<ul>\n<li>Horario: De 09:00h a 20:00h<\/li>\n<li>Respete las normas de la piscina<\/li>\n<li>Prohibido ba\u00f1arse con ropa que no sea de ba\u00f1o<\/li>\n<li>Uso obligatorio de toalla en las hamacas<\/li>\n<li>Pueden solicitar toallas en recepci\u00f3n, con un dep\u00f3sito de 10\u20ac por toalla<\/li>\n<li>No se pueden sacar platos o vasos de cristal a la zona de la piscina<\/li>\n<li>Tienen a su disposici\u00f3n puntos de gel hidro-alcoh\u00f3lico para la desinfecci\u00f3n de manos<\/li>\n<li>Utilice las papeleras para depositar los residuos<\/li>\n<li>Les recordamos que se retirar\u00e1n todas las pertenencias que est\u00e9n ocupando una hamaca que quede desatendida durante m\u00e1s de 30 minutos y se dejar\u00e1n en recepci\u00f3n para que pasen a recogerlas<\/li>\n<\/ul>\t\t\t\t\t\t\t\t<\/div>\n\t\t\t\t<\/div>\n\t\t\t\t<div class=\"elementor-element elementor-element-091ff1a elementor-widget-divider--view-line elementor-widget elementor-widget-divider\" data-id=\"091ff1a\" data-element_type=\"widget\" data-e-type=\"widget\" data-widget_type=\"divider.default\">\n\t\t\t\t<div class=\"elementor-widget-container\">\n\t\t\t\t\t\t\t<div class=\"elementor-divider\">\n\t\t\t<span class=\"elementor-divider-separator\">\n\t\t\t\t\t\t<\/span>\n\t\t<\/div>\n\t\t\t\t\t\t<\/div>\n\t\t\t\t<\/div>\n\t\t\t\t<div class=\"elementor-element elementor-element-ba8fdb5 elementor-widget elementor-widget-text-editor\" data-id=\"ba8fdb5\" data-element_type=\"widget\" data-e-type=\"widget\" data-widget_type=\"text-editor.default\">\n\t\t\t\t<div class=\"elementor-widget-container\">\n\t\t\t\t\t\t\t\t\t<ul>\n<li><em>Hours: From 9:00 a.m. to 8:00 p.m.<\/em><\/li>\n<li><em>Respect the rules of the pool<\/em><\/li>\n<li><em>Mandatory use of towel in Sun Beds<\/em><\/li>\n<li><em><span lang=\"EN-US\">Towels can be requested at reception, for a deposit of \u20ac10 per towel<\/span><\/em><\/li>\n<li><em>Bathing in non-bathing clothes is prohibited<\/em><\/li>\n<li><em>You cannot use plates or crystal glasses at the pool area<\/em><\/li>\n<li><em>Use the sanitizer gel points for cleaning your hands<\/em><\/li>\n<li><em>Use the bins to deposit the waste<\/em><\/li>\n<li><em>We would like to remind you that will be removed all belongings that are occupying a sunbed that is left unattended for more than 30 minutes and will be left at the reception to be picked up<\/em><br><\/li>\n<\/ul>\t\t\t\t\t\t\t\t<\/div>\n\t\t\t\t<\/div>\n\t\t\t\t\t<\/div>\n\t\t<\/div>\n\t\t\t\t\t<\/div>\n\t\t<\/section>\n\t\t\t\t<\/div>\n\t\t","protected":false},"excerpt":{"rendered":"<p>PISCINA \/ POOL Horario: De 09:00h a 20:00h Respete las normas de la piscina Prohibido ba\u00f1arse con ropa que no sea de ba\u00f1o Uso obligatorio de toalla en las hamacas Pueden solicitar toallas en recepci\u00f3n, con un dep\u00f3sito de 10\u20ac por toalla No se pueden sacar platos o vasos de cristal a la zona de [&hellip;]<\/p>\n","protected":false},"author":1,"featured_media":0,"parent":0,"menu_order":0,"comment_status":"closed","ping_status":"closed","template":"","meta":{"site-sidebar-layout":"default","site-content-layout":"","ast-site-content-layout":"default","site-content-style":"default","site-sidebar-style":"default","ast-global-header-display":"","ast-banner-title-visibility":"","ast-main-header-display":"","ast-hfb-above-header-display":"","ast-hfb-below-header-display":"","ast-hfb-mobile-header-display":"","site-post-title":"","ast-breadcrumbs-content":"","ast-featured-img":"","footer-sml-layout":"","ast-disable-related-posts":"","theme-transparent-header-meta":"","adv-header-id-meta":"","stick-header-meta":"","header-above-stick-meta":"","header-main-stick-meta":"","header-below-stick-meta":"","astra-migrate-meta-layouts":"default","ast-page-background-enabled":"default","ast-page-background-meta":{"desktop":{"background-color":"var(--ast-global-color-4)","background-image":"","background-repeat":"repeat","background-position":"center center","background-size":"auto","background-attachment":"scroll","background-type":"","background-media":"","overlay-type":"","overlay-color":"","overlay-opacity":"","overlay-gradient":""},"tablet":{"background-color":"","background-image":"","background-repeat":"repeat","background-position":"center center","background-size":"auto","background-attachment":"scroll","background-type":"","background-media":"","overlay-type":"","overlay-color":"","overlay-opacity":"","overlay-gradient":""},"mobile":{"background-color":"","background-image":"","background-repeat":"repeat","background-position":"center center","background-size":"auto","background-attachment":"scroll","background-type":"","background-media":"","overlay-type":"","overlay-color":"","overlay-opacity":"","overlay-gradient":""}},"ast-content-background-meta":{"desktop":{"background-color":"var(--ast-global-color-5)","background-image":"","background-repeat":"repeat","background-position":"center center","background-size":"auto","background-attachment":"scroll","background-type":"","background-media":"","overlay-type":"","overlay-color":"","overlay-opacity":"","overlay-gradient":""},"tablet":{"background-color":"var(--ast-global-color-5)","background-image":"","background-repeat":"repeat","background-position":"center center","background-size":"auto","background-attachment":"scroll","background-type":"","background-media":"","overlay-type":"","overlay-color":"","overlay-opacity":"","overlay-gradient":""},"mobile":{"background-color":"var(--ast-global-color-5)","background-image":"","background-repeat":"repeat","background-position":"center center","background-size":"auto","background-attachment":"scroll","background-type":"","background-media":"","overlay-type":"","overlay-color":"","overlay-opacity":"","overlay-gradient":""}},"footnotes":""},"class_list":["post-453","page","type-page","status-publish","hentry"],"_links":{"self":[{"href":"https:\/\/cartamenumovil.com\/hotelaguaazul\/wp-json\/wp\/v2\/pages\/453","targetHints":{"allow":["GET"]}}],"collection":[{"href":"https:\/\/cartamenumovil.com\/hotelaguaazul\/wp-json\/wp\/v2\/pages"}],"about":[{"href":"https:\/\/cartamenumovil.com\/hotelaguaazul\/wp-json\/wp\/v2\/types\/page"}],"author":[{"embeddable":true,"href":"https:\/\/cartamenumovil.com\/hotelaguaazul\/wp-json\/wp\/v2\/users\/1"}],"replies":[{"embeddable":true,"href":"https:\/\/cartamenumovil.com\/hotelaguaazul\/wp-json\/wp\/v2\/comments?post=453"}],"version-history":[{"count":42,"href":"https:\/\/cartamenumovil.com\/hotelaguaazul\/wp-json\/wp\/v2\/pages\/453\/revisions"}],"predecessor-version":[{"id":2070,"href":"https:\/\/cartamenumovil.com\/hotelaguaazul\/wp-json\/wp\/v2\/pages\/453\/revisions\/2070"}],"wp:attachment":[{"href":"https:\/\/cartamenumovil.com\/hotelaguaazul\/wp-json\/wp\/v2\/media?parent=453"}],"curies":[{"name":"wp","href":"https:\/\/api.w.org\/{rel}","templated":true}]}}