{"id":480,"date":"2020-07-22T17:06:22","date_gmt":"2020-07-22T15:06:22","guid":{"rendered":"http:\/\/cartamenumovil.com\/hotelaguaazul\/\/?page_id=480"},"modified":"2023-06-02T09:50:05","modified_gmt":"2023-06-02T07:50:05","slug":"telefono","status":"publish","type":"page","link":"https:\/\/cartamenumovil.com\/hotelaguaazul\/telefono\/","title":{"rendered":"Tel\u00e9fono"},"content":{"rendered":"\t\t<div data-elementor-type=\"wp-page\" data-elementor-id=\"480\" class=\"elementor elementor-480\">\n\t\t\t\t\t\t<section class=\"elementor-section elementor-top-section elementor-element elementor-element-988d635 elementor-section-boxed elementor-section-height-default elementor-section-height-default\" data-id=\"988d635\" data-element_type=\"section\" data-e-type=\"section\" data-settings=\"{&quot;background_background&quot;:&quot;classic&quot;}\">\n\t\t\t\t\t\t\t<div class=\"elementor-background-overlay\"><\/div>\n\t\t\t\t\t\t\t<div class=\"elementor-container elementor-column-gap-default\">\n\t\t\t\t\t<div class=\"elementor-column elementor-col-100 elementor-top-column elementor-element elementor-element-4f3b769\" data-id=\"4f3b769\" data-element_type=\"column\" data-e-type=\"column\">\n\t\t\t<div class=\"elementor-widget-wrap elementor-element-populated\">\n\t\t\t\t\t\t<div class=\"elementor-element elementor-element-2ebb4ff elementor-widget-divider--view-line_text elementor-widget-divider--element-align-center elementor-widget elementor-widget-divider\" data-id=\"2ebb4ff\" data-element_type=\"widget\" data-e-type=\"widget\" data-widget_type=\"divider.default\">\n\t\t\t\t<div class=\"elementor-widget-container\">\n\t\t\t\t\t\t\t<div class=\"elementor-divider\">\n\t\t\t<span class=\"elementor-divider-separator\">\n\t\t\t\t\t\t\t<span class=\"elementor-divider__text elementor-divider__element\">\n\t\t\t\tTEL\u00c9FONO \/ PHONE\t\t\t\t<\/span>\n\t\t\t\t\t\t<\/span>\n\t\t<\/div>\n\t\t\t\t\t\t<\/div>\n\t\t\t\t<\/div>\n\t\t\t\t\t<\/div>\n\t\t<\/div>\n\t\t\t\t\t<\/div>\n\t\t<\/section>\n\t\t\t\t<section class=\"elementor-section elementor-top-section elementor-element elementor-element-12397e5 elementor-hidden-desktop elementor-hidden-tablet elementor-hidden-phone elementor-section-boxed elementor-section-height-default elementor-section-height-default\" data-id=\"12397e5\" data-element_type=\"section\" data-e-type=\"section\">\n\t\t\t\t\t\t<div class=\"elementor-container elementor-column-gap-default\">\n\t\t\t\t\t<div class=\"elementor-column elementor-col-100 elementor-top-column elementor-element elementor-element-bb19282\" data-id=\"bb19282\" data-element_type=\"column\" data-e-type=\"column\">\n\t\t\t<div class=\"elementor-widget-wrap elementor-element-populated\">\n\t\t\t\t\t\t<div class=\"elementor-element elementor-element-38aca73 elementor-widget elementor-widget-text-editor\" data-id=\"38aca73\" data-element_type=\"widget\" data-e-type=\"widget\" data-widget_type=\"text-editor.default\">\n\t\t\t\t<div class=\"elementor-widget-container\">\n\t\t\t\t\t\t\t\t\t<p><strong>Informaci\u00f3n<\/strong><br \/>\u2022 Para llamar a una habitaci\u00f3n, pulse en el tel\u00e9fono la tecla 1 seguida del n\u00famero de habitaci\u00f3n al que quiere llamar<br \/>\u2022 Para llamar fuera del hotel, solo descuelgue y marque el tel\u00e9fono al que quiere llamar<br \/>\u2022 Para llamadas internacionales, solo descuelgue, marque el prefijo internacional seguido del n\u00famero de tel\u00e9fono al que quiere llamar<\/p><p><strong>Tel\u00e9fonos de Inter\u00e9s<\/strong><br \/>\u2022 Recepci\u00f3n: 9<br \/>\u2022 Cafeter\u00eda: 1014<br \/>\u2022 Emergencias: 112<br \/>\u2022 Polic\u00eda Nacional: 091<br \/>\u2022 Hospital Cl\u00ednica Benidorm: 96 585 38 50<br \/>\u2022 Centro de Salud Tom\u00e1s Ortu\u00f1o: 96 681 65 50<\/p><p><strong>Precios Llamadas<\/strong><br \/>\u2022 Llamada Local: 0.094\u20ac\/min<br \/>\u2022 Llamada Provincial: 0.115\u20ac\/min<br \/>\u2022 Llamada Nacional: 0.115\u20ac\/min<br \/>\u2022 Llamada Internacional: 0.32\u20ac\/min<br \/>\u2022 Llamadas a M\u00f3viles: 0.92\u20ac\/min<\/p>\t\t\t\t\t\t\t\t<\/div>\n\t\t\t\t<\/div>\n\t\t\t\t<div class=\"elementor-element elementor-element-091ff1a elementor-widget-divider--view-line elementor-widget elementor-widget-divider\" data-id=\"091ff1a\" data-element_type=\"widget\" data-e-type=\"widget\" data-widget_type=\"divider.default\">\n\t\t\t\t<div class=\"elementor-widget-container\">\n\t\t\t\t\t\t\t<div class=\"elementor-divider\">\n\t\t\t<span class=\"elementor-divider-separator\">\n\t\t\t\t\t\t<\/span>\n\t\t<\/div>\n\t\t\t\t\t\t<\/div>\n\t\t\t\t<\/div>\n\t\t\t\t<div class=\"elementor-element elementor-element-ba8fdb5 elementor-widget elementor-widget-text-editor\" data-id=\"ba8fdb5\" data-element_type=\"widget\" data-e-type=\"widget\" data-widget_type=\"text-editor.default\">\n\t\t\t\t<div class=\"elementor-widget-container\">\n\t\t\t\t\t\t\t\t\t<p><strong>Information<\/strong><\/p><p>\u2022 To call a room, press key 1 on the phone followed by the room number you want to call<br \/>\u2022 For call outside the hotel, pick up the phone and dial the phone number<br \/>\u2022 For international calls, dial the code for the country you are calling and then the phone number<\/p><p><strong>Telephone Numbers of Interest<\/strong><\/p><p>\u2022 Reception: 9<br \/>\u2022 Coffee Shop: 1014<br \/>\u2022 Emergencies: 112<br \/>\u2022 Police: 091<br \/>\u2022 Benidorm Clinic Hospital: 96 585 38 50<br \/>\u2022 Tom\u00e1s Ortu\u00f1o Health Center: 96 681 65 50<\/p><p><strong>Call Prices<\/strong><\/p><p>\u2022 Local Call: 0.094 \u20ac\/min<br \/>\u2022 Provincial Call: \u20ac 0.115\/min<br \/>\u2022 National Call: \u20ac 0.115\/min<br \/>\u2022 International Call: \u20ac 0.32\/min<br \/>\u2022 Mobile Calls: \u20ac 0.92\/min<\/p>\t\t\t\t\t\t\t\t<\/div>\n\t\t\t\t<\/div>\n\t\t\t\t\t<\/div>\n\t\t<\/div>\n\t\t\t\t\t<\/div>\n\t\t<\/section>\n\t\t\t\t<section class=\"elementor-section elementor-top-section elementor-element elementor-element-44a4fc6 elementor-section-boxed elementor-section-height-default elementor-section-height-default\" data-id=\"44a4fc6\" data-element_type=\"section\" data-e-type=\"section\">\n\t\t\t\t\t\t<div class=\"elementor-container elementor-column-gap-default\">\n\t\t\t\t\t<div class=\"elementor-column elementor-col-100 elementor-top-column elementor-element elementor-element-6fc31fe\" data-id=\"6fc31fe\" data-element_type=\"column\" data-e-type=\"column\">\n\t\t\t<div class=\"elementor-widget-wrap elementor-element-populated\">\n\t\t\t\t\t\t<div class=\"elementor-element elementor-element-18b8021 elementor-widget elementor-widget-text-editor\" data-id=\"18b8021\" data-element_type=\"widget\" data-e-type=\"widget\" data-widget_type=\"text-editor.default\">\n\t\t\t\t<div class=\"elementor-widget-container\">\n\t\t\t\t\t\t\t\t\t<strong>Informaci\u00f3n de llamadas internas o emergencias<\/strong>\n<ul>\n \t<li>Recepci\u00f3n: 9<\/li>\n \t<li>Cafeter\u00eda: 1014<\/li>\n \t<li>Otra habitaci\u00f3n: 1 + n\u00famero de habitaci\u00f3n a la que quiere llamar<\/li>\n \t<li>Emergencias: 112<\/li>\n \t<li>Polic\u00eda: 091<\/li>\n \t<li>Centro Salud Tom\u00e1s Ortu\u00f1o: 96 681 65 50<\/li>\n \t<li>Farmacia: 96 585 05 23<\/li>\n<\/ul>\nLas llamadas externas desde el tel\u00e9fono de la habitaci\u00f3n, est\u00e1n temporalmente restringidas\t\t\t\t\t\t\t\t<\/div>\n\t\t\t\t<\/div>\n\t\t\t\t<div class=\"elementor-element elementor-element-7507c79 elementor-widget-divider--view-line elementor-widget elementor-widget-divider\" data-id=\"7507c79\" data-element_type=\"widget\" data-e-type=\"widget\" data-widget_type=\"divider.default\">\n\t\t\t\t<div class=\"elementor-widget-container\">\n\t\t\t\t\t\t\t<div class=\"elementor-divider\">\n\t\t\t<span class=\"elementor-divider-separator\">\n\t\t\t\t\t\t<\/span>\n\t\t<\/div>\n\t\t\t\t\t\t<\/div>\n\t\t\t\t<\/div>\n\t\t\t\t<div class=\"elementor-element elementor-element-47c311e elementor-widget elementor-widget-text-editor\" data-id=\"47c311e\" data-element_type=\"widget\" data-e-type=\"widget\" data-widget_type=\"text-editor.default\">\n\t\t\t\t<div class=\"elementor-widget-container\">\n\t\t\t\t\t\t\t\t\t<em><strong><b>Information on internal calls or emergencies<\/b><\/strong><\/em>\n<ul>\n \t<li><em>Reception: 9<\/em><\/li>\n \t<li><em>Coffee Shop: 1014<\/em><\/li>\n \t<li><em>Another room: 1 + room number you want to call<\/em><\/li>\n \t<li><em>Emergencies: 112<\/em><\/li>\n \t<li><em>Police: 091<\/em><\/li>\n \t<li>Tom\u00e1s Ortu\u00f1o Health Centre: 96 681 65 50<\/li>\n \t<li>Pharmacy: 96 585 05 23<\/li>\n<\/ul>\n<em>External calls from the room phone are temporarily restricted<\/em>\t\t\t\t\t\t\t\t<\/div>\n\t\t\t\t<\/div>\n\t\t\t\t\t<\/div>\n\t\t<\/div>\n\t\t\t\t\t<\/div>\n\t\t<\/section>\n\t\t\t\t<\/div>\n\t\t","protected":false},"excerpt":{"rendered":"<p>TEL\u00c9FONO \/ PHONE Informaci\u00f3n\u2022 Para llamar a una habitaci\u00f3n, pulse en el tel\u00e9fono la tecla 1 seguida del n\u00famero de habitaci\u00f3n al que quiere llamar\u2022 Para llamar fuera del hotel, solo descuelgue y marque el tel\u00e9fono al que quiere llamar\u2022 Para llamadas internacionales, solo descuelgue, marque el prefijo internacional seguido del n\u00famero de tel\u00e9fono al [&hellip;]<\/p>\n","protected":false},"author":1,"featured_media":0,"parent":0,"menu_order":0,"comment_status":"closed","ping_status":"closed","template":"","meta":{"site-sidebar-layout":"default","site-content-layout":"","ast-site-content-layout":"default","site-content-style":"default","site-sidebar-style":"default","ast-global-header-display":"","ast-banner-title-visibility":"","ast-main-header-display":"","ast-hfb-above-header-display":"","ast-hfb-below-header-display":"","ast-hfb-mobile-header-display":"","site-post-title":"","ast-breadcrumbs-content":"","ast-featured-img":"","footer-sml-layout":"","ast-disable-related-posts":"","theme-transparent-header-meta":"","adv-header-id-meta":"","stick-header-meta":"","header-above-stick-meta":"","header-main-stick-meta":"","header-below-stick-meta":"","astra-migrate-meta-layouts":"default","ast-page-background-enabled":"default","ast-page-background-meta":{"desktop":{"background-color":"var(--ast-global-color-4)","background-image":"","background-repeat":"repeat","background-position":"center center","background-size":"auto","background-attachment":"scroll","background-type":"","background-media":"","overlay-type":"","overlay-color":"","overlay-opacity":"","overlay-gradient":""},"tablet":{"background-color":"","background-image":"","background-repeat":"repeat","background-position":"center center","background-size":"auto","background-attachment":"scroll","background-type":"","background-media":"","overlay-type":"","overlay-color":"","overlay-opacity":"","overlay-gradient":""},"mobile":{"background-color":"","background-image":"","background-repeat":"repeat","background-position":"center center","background-size":"auto","background-attachment":"scroll","background-type":"","background-media":"","overlay-type":"","overlay-color":"","overlay-opacity":"","overlay-gradient":""}},"ast-content-background-meta":{"desktop":{"background-color":"var(--ast-global-color-5)","background-image":"","background-repeat":"repeat","background-position":"center center","background-size":"auto","background-attachment":"scroll","background-type":"","background-media":"","overlay-type":"","overlay-color":"","overlay-opacity":"","overlay-gradient":""},"tablet":{"background-color":"var(--ast-global-color-5)","background-image":"","background-repeat":"repeat","background-position":"center center","background-size":"auto","background-attachment":"scroll","background-type":"","background-media":"","overlay-type":"","overlay-color":"","overlay-opacity":"","overlay-gradient":""},"mobile":{"background-color":"var(--ast-global-color-5)","background-image":"","background-repeat":"repeat","background-position":"center center","background-size":"auto","background-attachment":"scroll","background-type":"","background-media":"","overlay-type":"","overlay-color":"","overlay-opacity":"","overlay-gradient":""}},"footnotes":""},"class_list":["post-480","page","type-page","status-publish","hentry"],"_links":{"self":[{"href":"https:\/\/cartamenumovil.com\/hotelaguaazul\/wp-json\/wp\/v2\/pages\/480","targetHints":{"allow":["GET"]}}],"collection":[{"href":"https:\/\/cartamenumovil.com\/hotelaguaazul\/wp-json\/wp\/v2\/pages"}],"about":[{"href":"https:\/\/cartamenumovil.com\/hotelaguaazul\/wp-json\/wp\/v2\/types\/page"}],"author":[{"embeddable":true,"href":"https:\/\/cartamenumovil.com\/hotelaguaazul\/wp-json\/wp\/v2\/users\/1"}],"replies":[{"embeddable":true,"href":"https:\/\/cartamenumovil.com\/hotelaguaazul\/wp-json\/wp\/v2\/comments?post=480"}],"version-history":[{"count":10,"href":"https:\/\/cartamenumovil.com\/hotelaguaazul\/wp-json\/wp\/v2\/pages\/480\/revisions"}],"predecessor-version":[{"id":1487,"href":"https:\/\/cartamenumovil.com\/hotelaguaazul\/wp-json\/wp\/v2\/pages\/480\/revisions\/1487"}],"wp:attachment":[{"href":"https:\/\/cartamenumovil.com\/hotelaguaazul\/wp-json\/wp\/v2\/media?parent=480"}],"curies":[{"name":"wp","href":"https:\/\/api.w.org\/{rel}","templated":true}]}}