{"id":505,"date":"2020-07-22T17:23:36","date_gmt":"2020-07-22T15:23:36","guid":{"rendered":"http:\/\/cartamenumovil.com\/hotelaguaazul\/\/?page_id=505"},"modified":"2025-02-11T16:51:21","modified_gmt":"2025-02-11T14:51:21","slug":"limpieza","status":"publish","type":"page","link":"https:\/\/cartamenumovil.com\/hotelaguaazul\/limpieza\/","title":{"rendered":"Limpieza"},"content":{"rendered":"\t\t<div data-elementor-type=\"wp-page\" data-elementor-id=\"505\" class=\"elementor elementor-505\">\n\t\t\t\t\t\t<section class=\"elementor-section elementor-top-section elementor-element elementor-element-988d635 elementor-section-boxed elementor-section-height-default elementor-section-height-default\" data-id=\"988d635\" data-element_type=\"section\" data-e-type=\"section\" data-settings=\"{&quot;background_background&quot;:&quot;classic&quot;}\">\n\t\t\t\t\t\t\t<div class=\"elementor-background-overlay\"><\/div>\n\t\t\t\t\t\t\t<div class=\"elementor-container elementor-column-gap-default\">\n\t\t\t\t\t<div class=\"elementor-column elementor-col-100 elementor-top-column elementor-element elementor-element-4f3b769\" data-id=\"4f3b769\" data-element_type=\"column\" data-e-type=\"column\">\n\t\t\t<div class=\"elementor-widget-wrap elementor-element-populated\">\n\t\t\t\t\t\t<div class=\"elementor-element elementor-element-2ebb4ff elementor-widget-divider--view-line_text elementor-widget-divider--element-align-center elementor-widget elementor-widget-divider\" data-id=\"2ebb4ff\" data-element_type=\"widget\" data-e-type=\"widget\" data-widget_type=\"divider.default\">\n\t\t\t\t<div class=\"elementor-widget-container\">\n\t\t\t\t\t\t\t<div class=\"elementor-divider\">\n\t\t\t<span class=\"elementor-divider-separator\">\n\t\t\t\t\t\t\t<span class=\"elementor-divider__text elementor-divider__element\">\n\t\t\t\tLIMPIEZA \/ CLEAN SERVICE\t\t\t\t<\/span>\n\t\t\t\t\t\t<\/span>\n\t\t<\/div>\n\t\t\t\t\t\t<\/div>\n\t\t\t\t<\/div>\n\t\t\t\t\t<\/div>\n\t\t<\/div>\n\t\t\t\t\t<\/div>\n\t\t<\/section>\n\t\t\t\t<section class=\"elementor-section elementor-top-section elementor-element elementor-element-12397e5 elementor-section-boxed elementor-section-height-default elementor-section-height-default\" data-id=\"12397e5\" data-element_type=\"section\" data-e-type=\"section\">\n\t\t\t\t\t\t<div class=\"elementor-container elementor-column-gap-default\">\n\t\t\t\t\t<div class=\"elementor-column elementor-col-100 elementor-top-column elementor-element elementor-element-bb19282\" data-id=\"bb19282\" data-element_type=\"column\" data-e-type=\"column\">\n\t\t\t<div class=\"elementor-widget-wrap elementor-element-populated\">\n\t\t\t\t\t\t<div class=\"elementor-element elementor-element-38aca73 elementor-widget elementor-widget-text-editor\" data-id=\"38aca73\" data-element_type=\"widget\" data-e-type=\"widget\" data-widget_type=\"text-editor.default\">\n\t\t\t\t<div class=\"elementor-widget-container\">\n\t\t\t\t\t\t\t\t\t<p><span style=\"color: #6e6e6e; font-family: Arial, sans-serif; font-size: 14px; font-style: normal; font-variant-ligatures: normal; font-variant-caps: normal; font-weight: 400; letter-spacing: normal; orphans: 2; text-align: justify; text-indent: 0px; text-transform: none; white-space: normal; widows: 2; word-spacing: 0px; -webkit-text-stroke-width: 0px; background-color: #ffffff; text-decoration-thickness: initial; text-decoration-style: initial; text-decoration-color: initial; display: inline !important; float: none;\">Estimado cliente:<\/span><\/p><p>Si desean que la habitaci\u00f3n se le hagan a una hora determinada, por favor, contacten con recepci\u00f3n<\/p><p>Desinfectamos y limpiamos diariamente todo el hotel, para que pueda disfrutar de unas vacaciones seguras<\/p><p>Recuerde utilizar las papeleras que encontrar\u00e1 en todas las zonas para depositar los desechos<\/p><p>Por razones sanitarias, no podemos dejar una habitaci\u00f3n m\u00e1s de 3 d\u00edas sin limpiar, si esto ocurriese, se le enviar\u00e1 una carta de aviso, por favor, si tiene alg\u00fan motivo justificado, comun\u00edquelo en recepci\u00f3n.<\/p><p>Puede solicitar el cambio de s\u00e1banas diario, con un suplemento de 10\u20ac\/cambio<\/p><p><strong>En el Hotel Agua Azul estamos muy involucrados en detener el cambio clim\u00e1tico, usted puede sumarse a la causa con un simple gesto que ayudar\u00e1 a ahorrar agua y energ\u00eda.<\/strong><\/p><ol><li><em><strong>Si deposita las toallas en el suelo se las cambiaremos.<\/strong><\/em><\/li><li><em><strong>Si deposita las toallas en el toallero entenderemos que prefiere usarlas una vez m\u00e1s.<\/strong><\/em><\/li><\/ol><p><strong>Le deseamos una Feliz Estancia.<\/strong><\/p>\t\t\t\t\t\t\t\t<\/div>\n\t\t\t\t<\/div>\n\t\t\t\t<div class=\"elementor-element elementor-element-091ff1a elementor-widget-divider--view-line elementor-widget elementor-widget-divider\" data-id=\"091ff1a\" data-element_type=\"widget\" data-e-type=\"widget\" data-widget_type=\"divider.default\">\n\t\t\t\t<div class=\"elementor-widget-container\">\n\t\t\t\t\t\t\t<div class=\"elementor-divider\">\n\t\t\t<span class=\"elementor-divider-separator\">\n\t\t\t\t\t\t<\/span>\n\t\t<\/div>\n\t\t\t\t\t\t<\/div>\n\t\t\t\t<\/div>\n\t\t\t\t<div class=\"elementor-element elementor-element-ba8fdb5 elementor-widget elementor-widget-text-editor\" data-id=\"ba8fdb5\" data-element_type=\"widget\" data-e-type=\"widget\" data-widget_type=\"text-editor.default\">\n\t\t\t\t<div class=\"elementor-widget-container\">\n\t\t\t\t\t\t\t\t\t<p><em>Dear customer:<br><\/em><\/p>\n<p><em>If you want the room to be made at a certain time, please contact with reception<\/em><\/p>\n<p><em>We disinfect and clean the hotel every day, so that you can enjoy a safe holidays<\/em><\/p>\n<p><em>Remember to use the bins you use in all areas to deposit waste<\/em><\/p><p><em>For sanitary reasons, we cannot leave a room uncleaned for more than 3 days. If this happens, a letter of notice will be sent to you, please let reception know if you have a justifiable reason.<\/em><\/p>\n<p><em><span lang=\"EN-US\">A daily change of bed linen is available on request, for a supplement of \u20ac10\/change.<\/span><\/em><\/p>\n<p><em><strong>At Hotel Agua Azul we are very involved in stopping climate change, you can join the cause with a simple gesture that will help save water and energy.<\/strong><br><\/em><\/p>\n<ol>\n<li><em><b>If you put the towels on the ground we will change them. <\/b><\/em><\/li>\n<li><em><b>If you deposit the towels on the towel rack we will understand that you prefer to use them again. <\/b><\/em><\/li>\n<\/ol>\n<p><strong>We wish you a happy stay.<\/strong><\/p>\t\t\t\t\t\t\t\t<\/div>\n\t\t\t\t<\/div>\n\t\t\t\t\t<\/div>\n\t\t<\/div>\n\t\t\t\t\t<\/div>\n\t\t<\/section>\n\t\t\t\t<\/div>\n\t\t","protected":false},"excerpt":{"rendered":"<p>LIMPIEZA \/ CLEAN SERVICE Estimado cliente: Si desean que la habitaci\u00f3n se le hagan a una hora determinada, por favor, contacten con recepci\u00f3n Desinfectamos y limpiamos diariamente todo el hotel, para que pueda disfrutar de unas vacaciones seguras Recuerde utilizar las papeleras que encontrar\u00e1 en todas las zonas para depositar los desechos Por razones sanitarias, [&hellip;]<\/p>\n","protected":false},"author":1,"featured_media":0,"parent":0,"menu_order":0,"comment_status":"closed","ping_status":"closed","template":"","meta":{"site-sidebar-layout":"default","site-content-layout":"","ast-site-content-layout":"default","site-content-style":"default","site-sidebar-style":"default","ast-global-header-display":"","ast-banner-title-visibility":"","ast-main-header-display":"","ast-hfb-above-header-display":"","ast-hfb-below-header-display":"","ast-hfb-mobile-header-display":"","site-post-title":"","ast-breadcrumbs-content":"","ast-featured-img":"","footer-sml-layout":"","ast-disable-related-posts":"","theme-transparent-header-meta":"","adv-header-id-meta":"","stick-header-meta":"","header-above-stick-meta":"","header-main-stick-meta":"","header-below-stick-meta":"","astra-migrate-meta-layouts":"default","ast-page-background-enabled":"default","ast-page-background-meta":{"desktop":{"background-color":"var(--ast-global-color-4)","background-image":"","background-repeat":"repeat","background-position":"center center","background-size":"auto","background-attachment":"scroll","background-type":"","background-media":"","overlay-type":"","overlay-color":"","overlay-opacity":"","overlay-gradient":""},"tablet":{"background-color":"","background-image":"","background-repeat":"repeat","background-position":"center center","background-size":"auto","background-attachment":"scroll","background-type":"","background-media":"","overlay-type":"","overlay-color":"","overlay-opacity":"","overlay-gradient":""},"mobile":{"background-color":"","background-image":"","background-repeat":"repeat","background-position":"center center","background-size":"auto","background-attachment":"scroll","background-type":"","background-media":"","overlay-type":"","overlay-color":"","overlay-opacity":"","overlay-gradient":""}},"ast-content-background-meta":{"desktop":{"background-color":"var(--ast-global-color-5)","background-image":"","background-repeat":"repeat","background-position":"center center","background-size":"auto","background-attachment":"scroll","background-type":"","background-media":"","overlay-type":"","overlay-color":"","overlay-opacity":"","overlay-gradient":""},"tablet":{"background-color":"var(--ast-global-color-5)","background-image":"","background-repeat":"repeat","background-position":"center center","background-size":"auto","background-attachment":"scroll","background-type":"","background-media":"","overlay-type":"","overlay-color":"","overlay-opacity":"","overlay-gradient":""},"mobile":{"background-color":"var(--ast-global-color-5)","background-image":"","background-repeat":"repeat","background-position":"center center","background-size":"auto","background-attachment":"scroll","background-type":"","background-media":"","overlay-type":"","overlay-color":"","overlay-opacity":"","overlay-gradient":""}},"footnotes":""},"class_list":["post-505","page","type-page","status-publish","hentry"],"_links":{"self":[{"href":"https:\/\/cartamenumovil.com\/hotelaguaazul\/wp-json\/wp\/v2\/pages\/505","targetHints":{"allow":["GET"]}}],"collection":[{"href":"https:\/\/cartamenumovil.com\/hotelaguaazul\/wp-json\/wp\/v2\/pages"}],"about":[{"href":"https:\/\/cartamenumovil.com\/hotelaguaazul\/wp-json\/wp\/v2\/types\/page"}],"author":[{"embeddable":true,"href":"https:\/\/cartamenumovil.com\/hotelaguaazul\/wp-json\/wp\/v2\/users\/1"}],"replies":[{"embeddable":true,"href":"https:\/\/cartamenumovil.com\/hotelaguaazul\/wp-json\/wp\/v2\/comments?post=505"}],"version-history":[{"count":21,"href":"https:\/\/cartamenumovil.com\/hotelaguaazul\/wp-json\/wp\/v2\/pages\/505\/revisions"}],"predecessor-version":[{"id":2353,"href":"https:\/\/cartamenumovil.com\/hotelaguaazul\/wp-json\/wp\/v2\/pages\/505\/revisions\/2353"}],"wp:attachment":[{"href":"https:\/\/cartamenumovil.com\/hotelaguaazul\/wp-json\/wp\/v2\/media?parent=505"}],"curies":[{"name":"wp","href":"https:\/\/api.w.org\/{rel}","templated":true}]}}