{"id":509,"date":"2020-07-22T17:27:38","date_gmt":"2020-07-22T15:27:38","guid":{"rendered":"http:\/\/cartamenumovil.com\/hotelaguaazul\/\/?page_id=509"},"modified":"2026-03-26T10:02:43","modified_gmt":"2026-03-26T08:02:43","slug":"lavanderia","status":"publish","type":"page","link":"https:\/\/cartamenumovil.com\/hotelaguaazul\/lavanderia\/","title":{"rendered":"Lavander\u00eda"},"content":{"rendered":"\t\t<div data-elementor-type=\"wp-page\" data-elementor-id=\"509\" class=\"elementor elementor-509\">\n\t\t\t\t\t\t<section class=\"elementor-section elementor-top-section elementor-element elementor-element-988d635 elementor-section-boxed elementor-section-height-default elementor-section-height-default\" data-id=\"988d635\" data-element_type=\"section\" data-e-type=\"section\" data-settings=\"{&quot;background_background&quot;:&quot;classic&quot;}\">\n\t\t\t\t\t\t\t<div class=\"elementor-background-overlay\"><\/div>\n\t\t\t\t\t\t\t<div class=\"elementor-container elementor-column-gap-default\">\n\t\t\t\t\t<div class=\"elementor-column elementor-col-100 elementor-top-column elementor-element elementor-element-4f3b769\" data-id=\"4f3b769\" data-element_type=\"column\" data-e-type=\"column\">\n\t\t\t<div class=\"elementor-widget-wrap elementor-element-populated\">\n\t\t\t\t\t\t<div class=\"elementor-element elementor-element-2ebb4ff elementor-widget-divider--view-line_text elementor-widget-divider--element-align-center elementor-widget elementor-widget-divider\" data-id=\"2ebb4ff\" data-element_type=\"widget\" data-e-type=\"widget\" data-widget_type=\"divider.default\">\n\t\t\t\t<div class=\"elementor-widget-container\">\n\t\t\t\t\t\t\t<div class=\"elementor-divider\">\n\t\t\t<span class=\"elementor-divider-separator\">\n\t\t\t\t\t\t\t<span class=\"elementor-divider__text elementor-divider__element\">\n\t\t\t\tLAVANDER\u00cdA \/ LAUNDRY\t\t\t\t<\/span>\n\t\t\t\t\t\t<\/span>\n\t\t<\/div>\n\t\t\t\t\t\t<\/div>\n\t\t\t\t<\/div>\n\t\t\t\t\t<\/div>\n\t\t<\/div>\n\t\t\t\t\t<\/div>\n\t\t<\/section>\n\t\t\t\t<section class=\"elementor-section elementor-top-section elementor-element elementor-element-12397e5 elementor-section-boxed elementor-section-height-default elementor-section-height-default\" data-id=\"12397e5\" data-element_type=\"section\" data-e-type=\"section\">\n\t\t\t\t\t\t<div class=\"elementor-container elementor-column-gap-default\">\n\t\t\t\t\t<div class=\"elementor-column elementor-col-100 elementor-top-column elementor-element elementor-element-bb19282\" data-id=\"bb19282\" data-element_type=\"column\" data-e-type=\"column\">\n\t\t\t<div class=\"elementor-widget-wrap elementor-element-populated\">\n\t\t\t\t\t\t<div class=\"elementor-element elementor-element-38aca73 elementor-widget elementor-widget-text-editor\" data-id=\"38aca73\" data-element_type=\"widget\" data-e-type=\"widget\" data-widget_type=\"text-editor.default\">\n\t\t\t\t<div class=\"elementor-widget-container\">\n\t\t\t\t\t\t\t\t\t<ul>\n \t<li>Tenga en cuenta que los precios son orientativos y pueden variar en funci\u00f3n del tejido<\/li>\n \t<li>Entrega en 24 horas excepto s\u00e1bados, domingos y festivos.<\/li>\n \t<li>Indicar el n\u00famero de prendas y tipolog\u00eda en la hoja adjunta a la bolsa de lavander\u00eda y entregar la ropa dentro de la bolsa en la recepci\u00f3n del hotel<\/li>\n \t<li>Las prendas acabadas en lino, seda o similar tendr\u00e1n un suplemento del 20%<\/li>\n \t<li>Las prendas ser\u00e1n devueltas al cliente, protegidas<\/li>\n \t<li>El pago se realizar\u00e1 una vez se entregue la ropa al cliente en efectivo.<\/li>\n \t<li>Son de libre contrataci\u00f3n:\n<ul>\n \t<li>Las prendas que no est\u00e9n incluidas en el listado de precios.<\/li>\n \t<li>El servicio de plancha exclusivamente.<\/li>\n \t<li>Todas las prendas que requieran un tratamiento especial, cosidos o pegados.<\/li>\n \t<li>Las confeccionadas parcialmente con piel o similar<\/li>\n<\/ul>\n<\/li>\n<\/ul>\nPara m\u00e1s informaci\u00f3n, por favor consulte con Recepci\u00f3n\n\n<strong>Listado de Precios<\/strong>\n<table width=\"99%\">\n<tbody>\n<tr>\n<td width=\"50%\"><strong>Lavado + Planchado<\/strong><\/td>\n<td width=\"49%\"><strong>Precios <\/strong><\/td>\n<\/tr>\n<tr>\n<td width=\"50%\">Albornoz o Bat\u00edn<\/td>\n<td width=\"49%\">8\u20ac<\/td>\n<\/tr>\n<tr>\n<td width=\"50%\">Camiseta Manga Corta, Chaleco de Traje o Ba\u00f1ador<\/td>\n<td width=\"49%\">4,50\u20ac<\/td>\n<\/tr>\n<tr>\n<td width=\"50%\">Camisa<\/td>\n<td width=\"49%\">5,50\u20ac<\/td>\n<\/tr>\n<tr>\n\t<td width=\"50%\">Pantal\u00f3n Corto<\/td>\n\t<td width=\"49%\">5,50\u20ac<\/td>\n<\/tr>\n<tr>\n\t<td width=\"50%\">Falda lisa corta<\/td>\n\t<td width=\"49%\">6,00\u20ac<\/td>\n<\/tr>\n<tr>\n\t<td width=\"50%\">Pantal\u00f3n<\/td>\n\t<td width=\"49%\">6,00\u20ac<\/td>\n<\/tr>\n<tr>\n<td width=\"50%\">Polo Manga Corta, Corbata o Jersey<\/td>\n<td width=\"49%\">5\u20ac<\/td>\n<\/tr>\n<tr>\n<td width=\"50%\">Pa\u00f1uelo<\/td>\n<td width=\"49%\">3\u20ac<\/td>\n<\/tr>\n<tr>\n<td width=\"50%\">Pijama, Camis\u00f3n, Americana o Foulard Liso<\/td>\n<td width=\"49%\">desde 8\u20ac<\/td>\n<\/tr>\n<tr>\n<td width=\"50%\">Toalla de Playa<\/td>\n<td width=\"49%\">7\u20ac<\/td>\n<\/tr>\n<tr>\n<td width=\"50%\">Ropa Interior<\/td>\n<td width=\"49%\">2\u20ac<\/td>\n<\/tr>\n<tr>\n<td width=\"50%\">Abrigo o Vestido Liso Largo<\/td>\n<td width=\"49%\">15\u20ac<\/td>\n<\/tr>\n<tr>\n<td width=\"50%\">Blusa Lisa o Rebeca<\/td>\n<td width=\"49%\">desde 6,50\u20ac<\/td>\n<\/tr>\n<tr>\n<td width=\"50%\">Chaquet\u00f3n o Vestido Liso Corto<\/td>\n<td width=\"49%\">12\u20ac<\/td>\n<\/tr>\n<tr>\n<td width=\"50%\">Traje (Chaqueta y Pantal\u00f3n)<\/td>\n<td width=\"49%\">15,00\u20ac<\/td>\n<\/tr>\n<tr>\n<td width=\"50%\">Vestido de Noche o Similar<\/td>\n<td width=\"49%\">desde 18\u20ac<\/td>\n<\/tr>\n<\/tbody>\n<\/table>\t\t\t\t\t\t\t\t<\/div>\n\t\t\t\t<\/div>\n\t\t\t\t<div class=\"elementor-element elementor-element-091ff1a elementor-widget-divider--view-line elementor-widget elementor-widget-divider\" data-id=\"091ff1a\" data-element_type=\"widget\" data-e-type=\"widget\" data-widget_type=\"divider.default\">\n\t\t\t\t<div class=\"elementor-widget-container\">\n\t\t\t\t\t\t\t<div class=\"elementor-divider\">\n\t\t\t<span class=\"elementor-divider-separator\">\n\t\t\t\t\t\t<\/span>\n\t\t<\/div>\n\t\t\t\t\t\t<\/div>\n\t\t\t\t<\/div>\n\t\t\t\t<div class=\"elementor-element elementor-element-ba8fdb5 elementor-widget elementor-widget-text-editor\" data-id=\"ba8fdb5\" data-element_type=\"widget\" data-e-type=\"widget\" data-widget_type=\"text-editor.default\">\n\t\t\t\t<div class=\"elementor-widget-container\">\n\t\t\t\t\t\t\t\t\t<ul>\n<li><em>These are the estimated prices and might change depending on the fabric<\/em><\/li>\n<li><em>Delivery in 24 hours except Saturday, Sunday and bank holiday<\/em><\/li>\n<li><em>Please, fill in the laundry service form with the number of items and type. You should use the laundry bags and hand it in at the reception<\/em><\/li>\n<li><em>Silk and other delicate materials will have a 20% supplement<\/em><\/li>\n<li><em>Urgent service (delivery in less than 24 hours) will have a 50% extra charge<\/em><\/li>\n<li><em>We will take the payment once your clothes have been delivered<\/em><\/li>\n<li><em>We accept cash payments only for this service<\/em><\/li>\n<\/ul>\n<p><em>Please, check with reception if you do require any other service which is not included in the mentioned above<\/em><\/p>\n<p><em><strong>Price List<\/strong><\/em><\/p>\n<table width=\"100%\">\n<tbody>\n<tr>\n<td width=\"50%\"><em><strong>Washing + Ironing<\/strong><\/em><\/td>\n<td width=\"49%\"><em><strong>Prices<\/strong><\/em><\/td>\n<\/tr>\n<tr>\n<td width=\"50%\">Bathrobe<\/td>\n<td width=\"49%\"><em>8\u20ac<\/em><\/td>\n<\/tr>\n<tr>\n<td width=\"50%\">Short sleeve T-shirt , Waistcoat or Swimsuit<\/td>\n<td width=\"49%\"><em>4,50\u20ac<\/em><\/td>\n<\/tr>\n<tr>\n<td width=\"50%\">Shirt, Shorts, Short Plain Skirt or Pants<\/td>\n<td width=\"49%\"><em>5,50\u20ac<\/em><\/td>\n<\/tr>\n<tr>\n<td width=\"50%\">Short Sleeve Polo, Tie or Sweater<\/td>\n<td width=\"49%\"><em>5\u20ac<\/em><\/td>\n<\/tr>\n<tr>\n<td width=\"50%\">Handkerchief<\/td>\n<td width=\"49%\"><em>3\u20ac<\/em><\/td>\n<\/tr>\n<tr>\n<td width=\"50%\">Pyjamas, Nightdress, Suit Jacket or Plain Foulard<\/td>\n<td width=\"49%\"><em>from 8\u20ac<\/em><\/td>\n<\/tr>\n<tr>\n<td width=\"50%\">Beach Towel<\/td>\n<td width=\"49%\"><em>7\u20ac<\/em><\/td>\n<\/tr>\n<tr>\n<td width=\"50%\">Underwear<\/td>\n<td width=\"49%\"><em>2\u20ac<\/em><\/td>\n<\/tr>\n<tr>\n<td width=\"50%\">Long Plain Dress or Coat<\/td>\n<td width=\"49%\"><em>15\u20ac<\/em><\/td>\n<\/tr>\n<tr>\n<td width=\"50%\">Plain Blouse or Cardigan<\/td>\n<td width=\"49%\"><em>From 6,50\u20ac<\/em><\/td>\n<\/tr>\n<tr>\n<td width=\"50%\">Jacket or Short Plain Dress<\/td>\n<td width=\"49%\"><em>12\u20ac<\/em><\/td>\n<\/tr>\n<tr>\n<td width=\"50%\">Suit (Jacket and Trousers)<\/td>\n<td width=\"49%\"><em>13,50\u20ac<\/em><\/td>\n<\/tr>\n<tr>\n<td width=\"50%\">Evening Dress or Similar<\/td>\n<td width=\"49%\"><em>18\u20ac<\/em><\/td>\n<\/tr>\n<\/tbody>\n<\/table>\t\t\t\t\t\t\t\t<\/div>\n\t\t\t\t<\/div>\n\t\t\t\t\t<\/div>\n\t\t<\/div>\n\t\t\t\t\t<\/div>\n\t\t<\/section>\n\t\t\t\t<\/div>\n\t\t","protected":false},"excerpt":{"rendered":"<p>LAVANDER\u00cdA \/ LAUNDRY Tenga en cuenta que los precios son orientativos y pueden variar en funci\u00f3n del tejido Entrega en 24 horas excepto s\u00e1bados, domingos y festivos. Indicar el n\u00famero de prendas y tipolog\u00eda en la hoja adjunta a la bolsa de lavander\u00eda y entregar la ropa dentro de la bolsa en la recepci\u00f3n del [&hellip;]<\/p>\n","protected":false},"author":1,"featured_media":0,"parent":0,"menu_order":0,"comment_status":"closed","ping_status":"closed","template":"","meta":{"site-sidebar-layout":"default","site-content-layout":"","ast-site-content-layout":"default","site-content-style":"default","site-sidebar-style":"default","ast-global-header-display":"","ast-banner-title-visibility":"","ast-main-header-display":"","ast-hfb-above-header-display":"","ast-hfb-below-header-display":"","ast-hfb-mobile-header-display":"","site-post-title":"","ast-breadcrumbs-content":"","ast-featured-img":"","footer-sml-layout":"","ast-disable-related-posts":"","theme-transparent-header-meta":"","adv-header-id-meta":"","stick-header-meta":"","header-above-stick-meta":"","header-main-stick-meta":"","header-below-stick-meta":"","astra-migrate-meta-layouts":"default","ast-page-background-enabled":"default","ast-page-background-meta":{"desktop":{"background-color":"var(--ast-global-color-4)","background-image":"","background-repeat":"repeat","background-position":"center center","background-size":"auto","background-attachment":"scroll","background-type":"","background-media":"","overlay-type":"","overlay-color":"","overlay-opacity":"","overlay-gradient":""},"tablet":{"background-color":"","background-image":"","background-repeat":"repeat","background-position":"center center","background-size":"auto","background-attachment":"scroll","background-type":"","background-media":"","overlay-type":"","overlay-color":"","overlay-opacity":"","overlay-gradient":""},"mobile":{"background-color":"","background-image":"","background-repeat":"repeat","background-position":"center center","background-size":"auto","background-attachment":"scroll","background-type":"","background-media":"","overlay-type":"","overlay-color":"","overlay-opacity":"","overlay-gradient":""}},"ast-content-background-meta":{"desktop":{"background-color":"var(--ast-global-color-5)","background-image":"","background-repeat":"repeat","background-position":"center center","background-size":"auto","background-attachment":"scroll","background-type":"","background-media":"","overlay-type":"","overlay-color":"","overlay-opacity":"","overlay-gradient":""},"tablet":{"background-color":"var(--ast-global-color-5)","background-image":"","background-repeat":"repeat","background-position":"center center","background-size":"auto","background-attachment":"scroll","background-type":"","background-media":"","overlay-type":"","overlay-color":"","overlay-opacity":"","overlay-gradient":""},"mobile":{"background-color":"var(--ast-global-color-5)","background-image":"","background-repeat":"repeat","background-position":"center center","background-size":"auto","background-attachment":"scroll","background-type":"","background-media":"","overlay-type":"","overlay-color":"","overlay-opacity":"","overlay-gradient":""}},"footnotes":""},"class_list":["post-509","page","type-page","status-publish","hentry"],"_links":{"self":[{"href":"https:\/\/cartamenumovil.com\/hotelaguaazul\/wp-json\/wp\/v2\/pages\/509","targetHints":{"allow":["GET"]}}],"collection":[{"href":"https:\/\/cartamenumovil.com\/hotelaguaazul\/wp-json\/wp\/v2\/pages"}],"about":[{"href":"https:\/\/cartamenumovil.com\/hotelaguaazul\/wp-json\/wp\/v2\/types\/page"}],"author":[{"embeddable":true,"href":"https:\/\/cartamenumovil.com\/hotelaguaazul\/wp-json\/wp\/v2\/users\/1"}],"replies":[{"embeddable":true,"href":"https:\/\/cartamenumovil.com\/hotelaguaazul\/wp-json\/wp\/v2\/comments?post=509"}],"version-history":[{"count":15,"href":"https:\/\/cartamenumovil.com\/hotelaguaazul\/wp-json\/wp\/v2\/pages\/509\/revisions"}],"predecessor-version":[{"id":2728,"href":"https:\/\/cartamenumovil.com\/hotelaguaazul\/wp-json\/wp\/v2\/pages\/509\/revisions\/2728"}],"wp:attachment":[{"href":"https:\/\/cartamenumovil.com\/hotelaguaazul\/wp-json\/wp\/v2\/media?parent=509"}],"curies":[{"name":"wp","href":"https:\/\/api.w.org\/{rel}","templated":true}]}}