{"id":4464,"date":"2024-01-08T15:33:52","date_gmt":"2024-01-08T13:33:52","guid":{"rendered":"https:\/\/cartamenumovil.com\/hotelcimbel\/?page_id=4464"},"modified":"2025-03-11T11:24:44","modified_gmt":"2025-03-11T09:24:44","slug":"tablas","status":"publish","type":"page","link":"https:\/\/cartamenumovil.com\/hotelcimbel\/tablas\/","title":{"rendered":"Tablas"},"content":{"rendered":"\t\t<div data-elementor-type=\"wp-page\" data-elementor-id=\"4464\" class=\"elementor elementor-4464\">\n\t\t\t\t\t\t<section class=\"elementor-section elementor-top-section elementor-element elementor-element-fb19d5b elementor-section-full_width elementor-section-height-default elementor-section-height-default\" data-id=\"fb19d5b\" data-element_type=\"section\">\n\t\t\t\t\t\t<div class=\"elementor-container elementor-column-gap-default\">\n\t\t\t\t\t<div class=\"elementor-column elementor-col-100 elementor-top-column elementor-element elementor-element-df6b994\" data-id=\"df6b994\" data-element_type=\"column\">\n\t\t\t<div class=\"elementor-widget-wrap elementor-element-populated\">\n\t\t\t\t\t\t<div class=\"elementor-element elementor-element-3fa70a3 elementor-widget elementor-widget-text-editor\" data-id=\"3fa70a3\" data-element_type=\"widget\" data-widget_type=\"text-editor.default\">\n\t\t\t\t<div class=\"elementor-widget-container\">\n\t\t\t\t\t\t\t\t\t<p><i>\u00a0<\/i><i><\/i><\/p><p><i>SERVICIO DE COCINA DE 10:30 A 22:00<\/i><\/p><p><i>KITCHEN SERVICE TIMES FROM 10:30 TO 22:00<\/i><\/p>\t\t\t\t\t\t\t\t<\/div>\n\t\t\t\t<\/div>\n\t\t\t\t\t<\/div>\n\t\t<\/div>\n\t\t\t\t\t<\/div>\n\t\t<\/section>\n\t\t\t\t<section class=\"elementor-section elementor-top-section elementor-element elementor-element-d7b7f35 elementor-section-boxed elementor-section-height-default elementor-section-height-default\" data-id=\"d7b7f35\" data-element_type=\"section\">\n\t\t\t\t\t\t<div class=\"elementor-container elementor-column-gap-default\">\n\t\t\t\t\t<div class=\"elementor-column elementor-col-100 elementor-top-column elementor-element elementor-element-3096dbb\" data-id=\"3096dbb\" data-element_type=\"column\">\n\t\t\t<div class=\"elementor-widget-wrap elementor-element-populated\">\n\t\t\t\t\t\t<div class=\"elementor-element elementor-element-22b28b8 elementor-widget elementor-widget-image\" data-id=\"22b28b8\" data-element_type=\"widget\" data-widget_type=\"image.default\">\n\t\t\t\t<div class=\"elementor-widget-container\">\n\t\t\t\t\t\t\t\t\t\t\t\t\t\t\t<img fetchpriority=\"high\" decoding=\"async\" width=\"275\" height=\"183\" src=\"https:\/\/cartamenumovil.com\/hotelcimbel\/wp-content\/uploads\/2024\/01\/jamon.jpg\" class=\"attachment-large size-large wp-image-4459\" alt=\"\" \/>\t\t\t\t\t\t\t\t\t\t\t\t\t\t\t<\/div>\n\t\t\t\t<\/div>\n\t\t\t\t\t<\/div>\n\t\t<\/div>\n\t\t\t\t\t<\/div>\n\t\t<\/section>\n\t\t\t\t<section class=\"elementor-section elementor-top-section elementor-element elementor-element-f9f944e elementor-section-content-middle elementor-section-boxed elementor-section-height-default elementor-section-height-default\" data-id=\"f9f944e\" data-element_type=\"section\">\n\t\t\t\t\t\t<div class=\"elementor-container elementor-column-gap-default\">\n\t\t\t\t\t<div class=\"elementor-column elementor-col-100 elementor-top-column elementor-element elementor-element-5be3ca9\" data-id=\"5be3ca9\" data-element_type=\"column\">\n\t\t\t<div class=\"elementor-widget-wrap elementor-element-populated\">\n\t\t\t\t\t\t<div class=\"elementor-element elementor-element-f69562d elementor-widget elementor-widget-text-editor\" data-id=\"f69562d\" data-element_type=\"widget\" data-widget_type=\"text-editor.default\">\n\t\t\t\t<div class=\"elementor-widget-container\">\n\t\t\t\t\t\t\t\t\t<section id=\"wppizza-grid-section-0\"  class=\"wppizza-grid-section wppizza-grid-section-0 wppizza-grid-section-first wppizza-grid-section-last\"><article id=\"post-591\" class=\"wppizza-article wppizza-article-grid  wppizza-article-first wppizza-article-tablas wppizza-article-tablas-110 wppizza_menu-tablas wppizza_menu-term-110 entry-content post-591 wppizza type-wppizza status-publish hentry\"><h2 id=\"wppizza-article-1-110-591-1-0\" class=\"wppizza-article-h2\"><span class=\"wppizza-article-title\">Jam\u00f3n Ib\u00e9rico de Cebo acompa\u00f1ado de Pan Pay\u00e9s y Tomate Rayado<\/span><\/h2><div id=\"wppizza-article-sizes-591\" class=\"wppizza-article-sizes wppizza-article-prices-1\"><ul><li id=\"wppizza-article-prices-591\" class=\"wppizza-article-prices\" ><ul><li id=\"wppizza-1-110-591-1-0\" class=\"wppizza-article-price wppizza-article-price-1-0 wppizza-price-591-0 wppizza-article-price-viewonly\"   data-id=\"1.110.591.1.0\" ><span class=\"\">24,50 \u20ac<\/span><div class=\"wppizza-article-size wppizza-no-cart\">Bar<\/div><\/li><li id=\"wppizza-1-110-591-1-1\" class=\"wppizza-article-price wppizza-article-price-1-1 wppizza-price-591-1 wppizza-article-price-viewonly\"   data-id=\"1.110.591.1.1\" ><span class=\"\">24,50 \u20ac<\/span><div class=\"wppizza-article-size wppizza-no-cart\">Terraza<\/div><\/li><\/ul><\/li><\/ul><\/div><p id=\"wppizza-article-content-591\" class=\"wppizza-article-content\"><p class=\"p1\" style=\"text-align: center;\">Acorn-fed ham with grated tomato<\/p><\/p><\/article><article id=\"post-7816\" class=\"wppizza-article wppizza-article-grid  wppizza-article-last wppizza-article-tablas wppizza-article-tablas-110 wppizza_menu-tablas wppizza_menu-term-110 entry-content post-7816 wppizza type-wppizza status-publish hentry\"><h2 id=\"wppizza-article-1-110-7816-1-0\" class=\"wppizza-article-h2\"><span class=\"wppizza-article-title\">Quesos De La Comarca D.O. Callosa D\u2019Ensarria<\/span><\/h2><div id=\"wppizza-article-sizes-7816\" class=\"wppizza-article-sizes wppizza-article-prices-1\"><ul><li id=\"wppizza-article-prices-7816\" class=\"wppizza-article-prices\" ><ul><li id=\"wppizza-1-110-7816-1-0\" class=\"wppizza-article-price wppizza-article-price-1-0 wppizza-price-7816-0 wppizza-article-price-viewonly\"   data-id=\"1.110.7816.1.0\" ><span class=\"\">13,90 \u20ac<\/span><div class=\"wppizza-article-size wppizza-no-cart\">Bar<\/div><\/li><li id=\"wppizza-1-110-7816-1-1\" class=\"wppizza-article-price wppizza-article-price-1-1 wppizza-price-7816-1 wppizza-article-price-viewonly\"   data-id=\"1.110.7816.1.1\" ><span class=\"\">13,90 \u20ac<\/span><div class=\"wppizza-article-size wppizza-no-cart\">Terraza<\/div><\/li><\/ul><\/li><\/ul><\/div><p id=\"wppizza-article-content-7816\" class=\"wppizza-article-content\"><p style=\"text-align: center;\"><em>Assorted Cheese D.O. Callosa D\u2019ensarria<\/em><\/p><\/p><\/article><\/section>\t\t\t\t\t\t\t\t<\/div>\n\t\t\t\t<\/div>\n\t\t\t\t\t<\/div>\n\t\t<\/div>\n\t\t\t\t\t<\/div>\n\t\t<\/section>\n\t\t\t\t<section class=\"elementor-section elementor-top-section elementor-element elementor-element-227dc14 elementor-section-full_width elementor-section-height-default elementor-section-height-default\" data-id=\"227dc14\" data-element_type=\"section\">\n\t\t\t\t\t\t<div class=\"elementor-container elementor-column-gap-default\">\n\t\t\t\t\t<div class=\"elementor-column elementor-col-100 elementor-top-column elementor-element elementor-element-52bf0b3\" data-id=\"52bf0b3\" data-element_type=\"column\">\n\t\t\t<div class=\"elementor-widget-wrap elementor-element-populated\">\n\t\t\t\t\t\t<div class=\"elementor-element elementor-element-02e9a8e elementor-widget elementor-widget-text-editor\" data-id=\"02e9a8e\" data-element_type=\"widget\" data-widget_type=\"text-editor.default\">\n\t\t\t\t<div class=\"elementor-widget-container\">\n\t\t\t\t\t\t\t\t\t<h6><em>\u00a0<\/em><\/h6><p><em>SUPLEMENTO SERVICIO HABITACIONES: 3.50\u20ac POR COMANDA<\/em><\/p><p>\u00a0ROOM SERVICE SUPPLEMENT: 3.50\u20ac PER ORDER<\/p><p>\u00a0<\/p><p>SERVICIO DE HABITACIONES DE 10:30 A 22:00<\/p><p>ROOM SERVICE FROM 10:30 TO 22:00<\/p>\t\t\t\t\t\t\t\t<\/div>\n\t\t\t\t<\/div>\n\t\t\t\t\t<\/div>\n\t\t<\/div>\n\t\t\t\t\t<\/div>\n\t\t<\/section>\n\t\t\t\t<\/div>\n\t\t","protected":false},"excerpt":{"rendered":"<p>\u00a0 SERVICIO DE COCINA DE 10:30 A 22:00 KITCHEN SERVICE TIMES FROM 10:30 TO 22:00 \u00a0 SUPLEMENTO SERVICIO HABITACIONES: 3.50\u20ac POR COMANDA \u00a0ROOM SERVICE SUPPLEMENT: 3.50\u20ac PER ORDER \u00a0 SERVICIO DE HABITACIONES DE 10:30 A 22:00 ROOM SERVICE FROM 10:30 TO 22:00<\/p>\n","protected":false},"author":5,"featured_media":0,"parent":0,"menu_order":0,"comment_status":"closed","ping_status":"closed","template":"","meta":{"site-sidebar-layout":"default","site-content-layout":"","ast-site-content-layout":"default","site-content-style":"default","site-sidebar-style":"default","ast-global-header-display":"","ast-banner-title-visibility":"","ast-main-header-display":"","ast-hfb-above-header-display":"","ast-hfb-below-header-display":"","ast-hfb-mobile-header-display":"","site-post-title":"","ast-breadcrumbs-content":"","ast-featured-img":"","footer-sml-layout":"","theme-transparent-header-meta":"","adv-header-id-meta":"","stick-header-meta":"","header-above-stick-meta":"","header-main-stick-meta":"","header-below-stick-meta":"","astra-migrate-meta-layouts":"set","ast-page-background-enabled":"default","ast-page-background-meta":{"desktop":{"background-color":"var(--ast-global-color-4)","background-image":"","background-repeat":"repeat","background-position":"center center","background-size":"auto","background-attachment":"scroll","background-type":"","background-media":"","overlay-type":"","overlay-color":"","overlay-opacity":"","overlay-gradient":""},"tablet":{"background-color":"","background-image":"","background-repeat":"repeat","background-position":"center center","background-size":"auto","background-attachment":"scroll","background-type":"","background-media":"","overlay-type":"","overlay-color":"","overlay-opacity":"","overlay-gradient":""},"mobile":{"background-color":"","background-image":"","background-repeat":"repeat","background-position":"center center","background-size":"auto","background-attachment":"scroll","background-type":"","background-media":"","overlay-type":"","overlay-color":"","overlay-opacity":"","overlay-gradient":""}},"ast-content-background-meta":{"desktop":{"background-color":"var(--ast-global-color-5)","background-image":"","background-repeat":"repeat","background-position":"center center","background-size":"auto","background-attachment":"scroll","background-type":"","background-media":"","overlay-type":"","overlay-color":"","overlay-opacity":"","overlay-gradient":""},"tablet":{"background-color":"var(--ast-global-color-5)","background-image":"","background-repeat":"repeat","background-position":"center center","background-size":"auto","background-attachment":"scroll","background-type":"","background-media":"","overlay-type":"","overlay-color":"","overlay-opacity":"","overlay-gradient":""},"mobile":{"background-color":"var(--ast-global-color-5)","background-image":"","background-repeat":"repeat","background-position":"center center","background-size":"auto","background-attachment":"scroll","background-type":"","background-media":"","overlay-type":"","overlay-color":"","overlay-opacity":"","overlay-gradient":""}},"footnotes":""},"class_list":["post-4464","page","type-page","status-publish","hentry"],"_links":{"self":[{"href":"https:\/\/cartamenumovil.com\/hotelcimbel\/wp-json\/wp\/v2\/pages\/4464","targetHints":{"allow":["GET"]}}],"collection":[{"href":"https:\/\/cartamenumovil.com\/hotelcimbel\/wp-json\/wp\/v2\/pages"}],"about":[{"href":"https:\/\/cartamenumovil.com\/hotelcimbel\/wp-json\/wp\/v2\/types\/page"}],"author":[{"embeddable":true,"href":"https:\/\/cartamenumovil.com\/hotelcimbel\/wp-json\/wp\/v2\/users\/5"}],"replies":[{"embeddable":true,"href":"https:\/\/cartamenumovil.com\/hotelcimbel\/wp-json\/wp\/v2\/comments?post=4464"}],"version-history":[{"count":33,"href":"https:\/\/cartamenumovil.com\/hotelcimbel\/wp-json\/wp\/v2\/pages\/4464\/revisions"}],"predecessor-version":[{"id":8036,"href":"https:\/\/cartamenumovil.com\/hotelcimbel\/wp-json\/wp\/v2\/pages\/4464\/revisions\/8036"}],"wp:attachment":[{"href":"https:\/\/cartamenumovil.com\/hotelcimbel\/wp-json\/wp\/v2\/media?parent=4464"}],"curies":[{"name":"wp","href":"https:\/\/api.w.org\/{rel}","templated":true}]}}