{"id":798,"date":"2021-08-26T12:10:18","date_gmt":"2021-08-26T10:10:18","guid":{"rendered":"https:\/\/cartamenumovil.com\/hotelcimbel\/?page_id=798"},"modified":"2025-05-19T13:55:45","modified_gmt":"2025-05-19T11:55:45","slug":"cafes-coffees","status":"publish","type":"page","link":"https:\/\/cartamenumovil.com\/hotelcimbel\/cafes-coffees\/","title":{"rendered":"Caf\u00e9s \/ Coffees"},"content":{"rendered":"\t\t<div data-elementor-type=\"wp-page\" data-elementor-id=\"798\" class=\"elementor elementor-798\">\n\t\t\t\t\t\t<section class=\"elementor-section elementor-top-section elementor-element elementor-element-28d256d elementor-section-full_width elementor-section-height-default elementor-section-height-default\" data-id=\"28d256d\" data-element_type=\"section\">\n\t\t\t\t\t\t<div class=\"elementor-container elementor-column-gap-default\">\n\t\t\t\t\t<div class=\"elementor-column elementor-col-100 elementor-top-column elementor-element elementor-element-56b1c74\" data-id=\"56b1c74\" data-element_type=\"column\">\n\t\t\t<div class=\"elementor-widget-wrap elementor-element-populated\">\n\t\t\t\t\t\t<div class=\"elementor-element elementor-element-a71aa5b elementor-widget elementor-widget-text-editor\" data-id=\"a71aa5b\" data-element_type=\"widget\" data-widget_type=\"text-editor.default\">\n\t\t\t\t<div class=\"elementor-widget-container\">\n\t\t\t\t\t\t\t\t\t<p>\u00a0<\/p><p>EL PRECIO D<i>E \u00abTERRAZA\u00bb APLICA DURANTE EL PERIODO DE ACTUACIONES EN VIVO PARA CLIENTES NO ALOJADOS | \u201cTERRACE\u201d PRICE APPLIES DURING LIVE SHOWS FOR NON RESIDENTS<\/i><\/p>\t\t\t\t\t\t\t\t<\/div>\n\t\t\t\t<\/div>\n\t\t\t\t\t<\/div>\n\t\t<\/div>\n\t\t\t\t\t<\/div>\n\t\t<\/section>\n\t\t\t\t<section class=\"elementor-section elementor-top-section elementor-element elementor-element-eb621df elementor-section-boxed elementor-section-height-default elementor-section-height-default\" data-id=\"eb621df\" data-element_type=\"section\">\n\t\t\t\t\t\t<div class=\"elementor-container elementor-column-gap-default\">\n\t\t\t\t\t<div class=\"elementor-column elementor-col-100 elementor-top-column elementor-element elementor-element-e7017b2\" data-id=\"e7017b2\" data-element_type=\"column\">\n\t\t\t<div class=\"elementor-widget-wrap elementor-element-populated\">\n\t\t\t\t\t\t<div class=\"elementor-element elementor-element-38a61e6 elementor-widget elementor-widget-image\" data-id=\"38a61e6\" data-element_type=\"widget\" data-widget_type=\"image.default\">\n\t\t\t\t<div class=\"elementor-widget-container\">\n\t\t\t\t\t\t\t\t\t\t\t\t\t\t\t<img fetchpriority=\"high\" decoding=\"async\" width=\"740\" height=\"740\" src=\"https:\/\/cartamenumovil.com\/hotelcimbel\/wp-content\/uploads\/2022\/07\/cafe-2.webp\" class=\"attachment-large size-large wp-image-1645\" alt=\"\" srcset=\"https:\/\/cartamenumovil.com\/hotelcimbel\/wp-content\/uploads\/2022\/07\/cafe-2.webp 740w, https:\/\/cartamenumovil.com\/hotelcimbel\/wp-content\/uploads\/2022\/07\/cafe-2-300x300.webp 300w, https:\/\/cartamenumovil.com\/hotelcimbel\/wp-content\/uploads\/2022\/07\/cafe-2-150x150.webp 150w\" sizes=\"(max-width: 740px) 100vw, 740px\" \/>\t\t\t\t\t\t\t\t\t\t\t\t\t\t\t<\/div>\n\t\t\t\t<\/div>\n\t\t\t\t\t<\/div>\n\t\t<\/div>\n\t\t\t\t\t<\/div>\n\t\t<\/section>\n\t\t\t\t<section class=\"elementor-section elementor-top-section elementor-element elementor-element-2b2a34a elementor-section-full_width elementor-section-height-default elementor-section-height-default\" data-id=\"2b2a34a\" data-element_type=\"section\">\n\t\t\t\t\t\t<div class=\"elementor-container elementor-column-gap-default\">\n\t\t\t\t\t<div class=\"elementor-column elementor-col-100 elementor-top-column elementor-element elementor-element-0825b88\" data-id=\"0825b88\" data-element_type=\"column\">\n\t\t\t<div class=\"elementor-widget-wrap elementor-element-populated\">\n\t\t\t\t\t\t<div class=\"elementor-element elementor-element-e1276f8 elementor-widget elementor-widget-text-editor\" data-id=\"e1276f8\" data-element_type=\"widget\" data-widget_type=\"text-editor.default\">\n\t\t\t\t<div class=\"elementor-widget-container\">\n\t\t\t\t\t\t\t\t\t<p><\/p>\n<p><em>&nbsp;LAS LECHES DE SOJA, ALMENDRA, DE AVENA Y SIN LACTOSA TENDR\u00c1N UN SUPLEMENTO DE 0.30\u20ac&nbsp;<\/em><\/p>\n<p>SOYA, ALMOND,&nbsp; OAT AND LACTOSE-FREE MILK CARRY A 0.30\u20ac SURCHARGE<\/p>\t\t\t\t\t\t\t\t<\/div>\n\t\t\t\t<\/div>\n\t\t\t\t\t<\/div>\n\t\t<\/div>\n\t\t\t\t\t<\/div>\n\t\t<\/section>\n\t\t\t\t<section class=\"elementor-section elementor-top-section elementor-element elementor-element-f9f944e elementor-section-boxed elementor-section-height-default elementor-section-height-default\" data-id=\"f9f944e\" data-element_type=\"section\">\n\t\t\t\t\t\t<div class=\"elementor-container elementor-column-gap-default\">\n\t\t\t\t\t<div class=\"elementor-column elementor-col-100 elementor-top-column elementor-element elementor-element-5be3ca9\" data-id=\"5be3ca9\" data-element_type=\"column\">\n\t\t\t<div class=\"elementor-widget-wrap elementor-element-populated\">\n\t\t\t\t\t\t<div class=\"elementor-element elementor-element-f69562d elementor-widget elementor-widget-text-editor\" data-id=\"f69562d\" data-element_type=\"widget\" data-widget_type=\"text-editor.default\">\n\t\t\t\t<div class=\"elementor-widget-container\">\n\t\t\t\t\t\t\t\t\t<section id=\"wppizza-grid-section-0\"  class=\"wppizza-grid-section wppizza-grid-section-0 wppizza-grid-section-first\"><article id=\"post-482\" class=\"wppizza-article wppizza-article-grid  wppizza-article-first wppizza-article-cafes wppizza-article-cafes-34 wppizza_menu-cafes wppizza_menu-term-34 entry-content post-482 wppizza type-wppizza status-publish hentry\"><h2 id=\"wppizza-article-1-34-482-1-0\" class=\"wppizza-article-h2\"><span class=\"wppizza-article-title\">Caf\u00e9 Solo | Cortado | Con Leche | Americano (y descafeinados)<\/span><\/h2><div id=\"wppizza-article-sizes-482\" class=\"wppizza-article-sizes wppizza-article-prices-1\"><ul><li id=\"wppizza-article-prices-482\" class=\"wppizza-article-prices\" ><ul><li id=\"wppizza-1-34-482-1-0\" class=\"wppizza-article-price wppizza-article-price-1-0 wppizza-price-482-0 wppizza-article-price-viewonly\"   data-id=\"1.34.482.1.0\" ><span class=\"\">2,60 \u20ac<\/span><div class=\"wppizza-article-size wppizza-no-cart\">Bar<\/div><\/li><li id=\"wppizza-1-34-482-1-1\" class=\"wppizza-article-price wppizza-article-price-1-1 wppizza-price-482-1 wppizza-article-price-viewonly\"   data-id=\"1.34.482.1.1\" ><span class=\"\">7,00 \u20ac<\/span><div class=\"wppizza-article-size wppizza-no-cart\">Terraza<\/div><\/li><\/ul><\/li><\/ul><\/div><p id=\"wppizza-article-content-482\" class=\"wppizza-article-content\"><p style=\"text-align: center;\">Suplemento Leche Especial (Avena, Almendra, Soja, Sin Lactosa) 0.30\u20ac<\/p>\r\n<p style=\"text-align: center;\">Supplement Soja, Almond, Oat and Lactose-free Milk 0.30\u20ac<\/p><\/p><\/article><article id=\"post-483\" class=\"wppizza-article wppizza-article-grid  wppizza-article-cafes wppizza-article-cafes-34 wppizza_menu-cafes wppizza_menu-term-34 entry-content post-483 wppizza type-wppizza status-publish hentry\"><h2 id=\"wppizza-article-1-34-483-1-0\" class=\"wppizza-article-h2\"><span class=\"wppizza-article-title\">Colacao | Leche Macchiato | Leche Macchiato Descafeinado<\/span><\/h2><div id=\"wppizza-article-sizes-483\" class=\"wppizza-article-sizes wppizza-article-prices-1\"><ul><li id=\"wppizza-article-prices-483\" class=\"wppizza-article-prices\" ><ul><li id=\"wppizza-1-34-483-1-0\" class=\"wppizza-article-price wppizza-article-price-1-0 wppizza-price-483-0 wppizza-article-price-viewonly\"   data-id=\"1.34.483.1.0\" ><span class=\"\">3,00 \u20ac<\/span><div class=\"wppizza-article-size wppizza-no-cart\">Bar<\/div><\/li><li id=\"wppizza-1-34-483-1-1\" class=\"wppizza-article-price wppizza-article-price-1-1 wppizza-price-483-1 wppizza-article-price-viewonly\"   data-id=\"1.34.483.1.1\" ><span class=\"\">7,00 \u20ac<\/span><div class=\"wppizza-article-size wppizza-no-cart\">Terraza<\/div><\/li><\/ul><\/li><\/ul><\/div><p id=\"wppizza-article-content-483\" class=\"wppizza-article-content\"><\/p><\/article><article id=\"post-484\" class=\"wppizza-article wppizza-article-grid  wppizza-article-cafes wppizza-article-cafes-34 wppizza_menu-cafes wppizza_menu-term-34 entry-content post-484 wppizza type-wppizza status-publish hentry\"><h2 id=\"wppizza-article-1-34-484-1-0\" class=\"wppizza-article-h2\"><span class=\"wppizza-article-title\">Vaso de Leche<\/span><\/h2><div id=\"wppizza-article-sizes-484\" class=\"wppizza-article-sizes wppizza-article-prices-1\"><ul><li id=\"wppizza-article-prices-484\" class=\"wppizza-article-prices\" ><ul><li id=\"wppizza-1-34-484-1-0\" class=\"wppizza-article-price wppizza-article-price-1-0 wppizza-price-484-0 wppizza-article-price-viewonly\"   data-id=\"1.34.484.1.0\" ><span class=\"\">2,20 \u20ac<\/span><div class=\"wppizza-article-size wppizza-no-cart\">Bar<\/div><\/li><li id=\"wppizza-1-34-484-1-1\" class=\"wppizza-article-price wppizza-article-price-1-1 wppizza-price-484-1 wppizza-article-price-viewonly\"   data-id=\"1.34.484.1.1\" ><span class=\"\">7,00 \u20ac<\/span><div class=\"wppizza-article-size wppizza-no-cart\">Terraza<\/div><\/li><\/ul><\/li><\/ul><\/div><p id=\"wppizza-article-content-484\" class=\"wppizza-article-content\"><\/p><\/article><\/section><section id=\"wppizza-grid-section-1\"  class=\"wppizza-grid-section wppizza-grid-section-1\"><article id=\"post-485\" class=\"wppizza-article wppizza-article-grid  wppizza-article-cafes wppizza-article-cafes-34 wppizza_menu-cafes wppizza_menu-term-34 entry-content post-485 wppizza type-wppizza status-publish hentry\"><h2 id=\"wppizza-article-1-34-485-1-0\" class=\"wppizza-article-h2\"><span class=\"wppizza-article-title\">Capuccino | Bomb\u00f3n | Solo Doble | Chocolate a la Taza (y descafeinados) | Caf\u00e9 Belmonte<\/span><\/h2><div id=\"wppizza-article-sizes-485\" class=\"wppizza-article-sizes wppizza-article-prices-1\"><ul><li id=\"wppizza-article-prices-485\" class=\"wppizza-article-prices\" ><ul><li id=\"wppizza-1-34-485-1-0\" class=\"wppizza-article-price wppizza-article-price-1-0 wppizza-price-485-0 wppizza-article-price-viewonly\"   data-id=\"1.34.485.1.0\" ><span class=\"\">3,10 \u20ac<\/span><div class=\"wppizza-article-size wppizza-no-cart\">Bar<\/div><\/li><li id=\"wppizza-1-34-485-1-1\" class=\"wppizza-article-price wppizza-article-price-1-1 wppizza-price-485-1 wppizza-article-price-viewonly\"   data-id=\"1.34.485.1.1\" ><span class=\"\">7,00 \u20ac<\/span><div class=\"wppizza-article-size wppizza-no-cart\">Terraza<\/div><\/li><\/ul><\/li><\/ul><\/div><p id=\"wppizza-article-content-485\" class=\"wppizza-article-content\"><\/p><\/article><article id=\"post-488\" class=\"wppizza-article wppizza-article-grid  wppizza-article-cafes wppizza-article-cafes-34 wppizza_menu-cafes wppizza_menu-term-34 entry-content post-488 wppizza type-wppizza status-publish hentry\"><h2 id=\"wppizza-article-1-34-488-1-0\" class=\"wppizza-article-h2\"><span class=\"wppizza-article-title\">Jamaicano<\/span><\/h2><div id=\"wppizza-article-sizes-488\" class=\"wppizza-article-sizes wppizza-article-prices-1\"><ul><li id=\"wppizza-article-prices-488\" class=\"wppizza-article-prices\" ><ul><li id=\"wppizza-1-34-488-1-0\" class=\"wppizza-article-price wppizza-article-price-1-0 wppizza-price-488-0 wppizza-article-price-viewonly\"   data-id=\"1.34.488.1.0\" ><span class=\"\">6,00 \u20ac<\/span><div class=\"wppizza-article-size wppizza-no-cart\">Bar<\/div><\/li><li id=\"wppizza-1-34-488-1-1\" class=\"wppizza-article-price wppizza-article-price-1-1 wppizza-price-488-1 wppizza-article-price-viewonly\"   data-id=\"1.34.488.1.1\" ><span class=\"\">7,00 \u20ac<\/span><div class=\"wppizza-article-size wppizza-no-cart\">Terraza<\/div><\/li><\/ul><\/li><\/ul><\/div><p id=\"wppizza-article-content-488\" class=\"wppizza-article-content\"><\/p><\/article><article id=\"post-489\" class=\"wppizza-article wppizza-article-grid  wppizza-article-cafes wppizza-article-cafes-34 wppizza_menu-cafes wppizza_menu-term-34 entry-content post-489 wppizza type-wppizza status-publish hentry\"><h2 id=\"wppizza-article-1-34-489-1-0\" class=\"wppizza-article-h2\"><span class=\"wppizza-article-title\">Caf\u00e9 Irland\u00e9s | Caf\u00e9 Escoc\u00e9s<\/span><\/h2><div id=\"wppizza-article-sizes-489\" class=\"wppizza-article-sizes wppizza-article-prices-1\"><ul><li id=\"wppizza-article-prices-489\" class=\"wppizza-article-prices\" ><ul><li id=\"wppizza-1-34-489-1-0\" class=\"wppizza-article-price wppizza-article-price-1-0 wppizza-price-489-0 wppizza-article-price-viewonly\"   data-id=\"1.34.489.1.0\" ><span class=\"\">7,60 \u20ac<\/span><div class=\"wppizza-article-size wppizza-no-cart\">Bar<\/div><\/li><li id=\"wppizza-1-34-489-1-1\" class=\"wppizza-article-price wppizza-article-price-1-1 wppizza-price-489-1 wppizza-article-price-viewonly\"   data-id=\"1.34.489.1.1\" ><span class=\"\">7,60 \u20ac<\/span><div class=\"wppizza-article-size wppizza-no-cart\">Terraza<\/div><\/li><\/ul><\/li><\/ul><\/div><p id=\"wppizza-article-content-489\" class=\"wppizza-article-content\"><\/p><\/article><\/section><section id=\"wppizza-grid-section-2\"  class=\"wppizza-grid-section wppizza-grid-section-2\"><article id=\"post-490\" class=\"wppizza-article wppizza-article-grid  wppizza-article-cafes wppizza-article-cafes-34 wppizza_menu-cafes wppizza_menu-term-34 entry-content post-490 wppizza type-wppizza status-publish hentry\"><h2 id=\"wppizza-article-1-34-490-1-0\" class=\"wppizza-article-h2\"><span class=\"wppizza-article-title\">Te Negro | Manzanilla | Poleo | Tila<\/span><\/h2><div id=\"wppizza-article-sizes-490\" class=\"wppizza-article-sizes wppizza-article-prices-1\"><ul><li id=\"wppizza-article-prices-490\" class=\"wppizza-article-prices\" ><ul><li id=\"wppizza-1-34-490-1-0\" class=\"wppizza-article-price wppizza-article-price-1-0 wppizza-price-490-0 wppizza-article-price-viewonly\"   data-id=\"1.34.490.1.0\" ><span class=\"\">2,60 \u20ac<\/span><div class=\"wppizza-article-size wppizza-no-cart\">Bar<\/div><\/li><li id=\"wppizza-1-34-490-1-1\" class=\"wppizza-article-price wppizza-article-price-1-1 wppizza-price-490-1 wppizza-article-price-viewonly\"   data-id=\"1.34.490.1.1\" ><span class=\"\">7,00 \u20ac<\/span><div class=\"wppizza-article-size wppizza-no-cart\">Terraza<\/div><\/li><\/ul><\/li><\/ul><\/div><p id=\"wppizza-article-content-490\" class=\"wppizza-article-content\"><\/p><\/article><article id=\"post-491\" class=\"wppizza-article wppizza-article-grid  wppizza-article-cafes wppizza-article-cafes-34 wppizza_menu-cafes wppizza_menu-term-34 entry-content post-491 wppizza type-wppizza status-publish hentry\"><h2 id=\"wppizza-article-1-34-491-1-0\" class=\"wppizza-article-h2\"><span class=\"wppizza-article-title\">FRUTAS DEL PACIFICO | NEGOR CON CANELA | ROIBOS | ROJO | VERDE<\/span><\/h2><div id=\"wppizza-article-sizes-491\" class=\"wppizza-article-sizes wppizza-article-prices-1\"><ul><li id=\"wppizza-article-prices-491\" class=\"wppizza-article-prices\" ><ul><li id=\"wppizza-1-34-491-1-0\" class=\"wppizza-article-price wppizza-article-price-1-0 wppizza-price-491-0 wppizza-article-price-viewonly\"   data-id=\"1.34.491.1.0\" ><span class=\"\">3,00 \u20ac<\/span><div class=\"wppizza-article-size wppizza-no-cart\">Bar<\/div><\/li><li id=\"wppizza-1-34-491-1-1\" class=\"wppizza-article-price wppizza-article-price-1-1 wppizza-price-491-1 wppizza-article-price-viewonly\"   data-id=\"1.34.491.1.1\" ><span class=\"\">7,00 \u20ac<\/span><div class=\"wppizza-article-size wppizza-no-cart\">Terraza<\/div><\/li><\/ul><\/li><\/ul><\/div><p id=\"wppizza-article-content-491\" class=\"wppizza-article-content\"><\/p><\/article><article id=\"post-8240\" class=\"wppizza-article wppizza-article-grid  wppizza-article-cafes wppizza-article-cafes-34 wppizza_menu-cafes wppizza_menu-term-34 entry-content post-8240 wppizza type-wppizza status-publish hentry\"><h2 id=\"wppizza-article-1-34-8240-1-0\" class=\"wppizza-article-h2\"><span class=\"wppizza-article-title\">Suplemento Leche Almendra | Avena | Sin Lactosa | Soja<\/span><\/h2><div id=\"wppizza-article-sizes-8240\" class=\"wppizza-article-sizes wppizza-article-prices-1\"><ul><li id=\"wppizza-article-prices-8240\" class=\"wppizza-article-prices\" ><ul><li id=\"wppizza-1-34-8240-1-0\" class=\"wppizza-article-price wppizza-article-price-1-0 wppizza-price-8240-0 wppizza-article-price-viewonly\"   data-id=\"1.34.8240.1.0\" ><span class=\"\">0,30 \u20ac<\/span><div class=\"wppizza-article-size wppizza-no-cart\">Bar<\/div><\/li><li id=\"wppizza-1-34-8240-1-1\" class=\"wppizza-article-price wppizza-article-price-1-1 wppizza-price-8240-1 wppizza-article-price-viewonly\"   data-id=\"1.34.8240.1.1\" ><span class=\"\">0,30 \u20ac<\/span><div class=\"wppizza-article-size wppizza-no-cart\">Terraza<\/div><\/li><\/ul><\/li><\/ul><\/div><p id=\"wppizza-article-content-8240\" class=\"wppizza-article-content\"><\/p><\/article><\/section><section id=\"wppizza-grid-section-3\"  class=\"wppizza-grid-section wppizza-grid-section-3 wppizza-grid-section-last\"><article id=\"post-8277\" class=\"wppizza-article wppizza-article-grid  wppizza-article-cafes wppizza-article-cafes-34 wppizza_menu-cafes wppizza_menu-term-34 entry-content post-8277 wppizza type-wppizza status-publish hentry\"><h2 id=\"wppizza-article-1-34-8277-1-0\" class=\"wppizza-article-h2\"><span class=\"wppizza-article-title\">Carajillo | Infusi\u00f3n con Licor<\/span><\/h2><div id=\"wppizza-article-sizes-8277\" class=\"wppizza-article-sizes wppizza-article-prices-1\"><ul><li id=\"wppizza-article-prices-8277\" class=\"wppizza-article-prices\" ><ul><li id=\"wppizza-1-34-8277-1-0\" class=\"wppizza-article-price wppizza-article-price-1-0 wppizza-price-8277-0 wppizza-article-price-viewonly\"   data-id=\"1.34.8277.1.0\" ><span class=\"\">2,60 \u20ac<\/span><div class=\"wppizza-article-size wppizza-no-cart\">Bar<\/div><\/li><li id=\"wppizza-1-34-8277-1-1\" class=\"wppizza-article-price wppizza-article-price-1-1 wppizza-price-8277-1 wppizza-article-price-viewonly\"   data-id=\"1.34.8277.1.1\" ><span class=\"\">7,00 \u20ac<\/span><div class=\"wppizza-article-size wppizza-no-cart\">Terraza<\/div><\/li><\/ul><\/li><\/ul><\/div><p id=\"wppizza-article-content-8277\" class=\"wppizza-article-content\">Suplementos:\r\n<pre>MARIE BRIZARD   1.10\u20ac\r\nBAILEYS         1.10\u20ac\r\nCASTELLANA      0.70\u20ac\r\nJB              1.10\u20ac\r\nMAGNO           0.70\u20ac\r\nNEGRITA         1.10\u20ac\r\nRUAVIEJA        0.70\u20ac\r\nTIA MARIA       1.10\u20ac<\/pre><\/p><\/article><article id=\"post-8281\" class=\"wppizza-article wppizza-article-grid  wppizza-article-cafes wppizza-article-cafes-34 wppizza_menu-cafes wppizza_menu-term-34 entry-content post-8281 wppizza type-wppizza status-publish hentry\"><h2 id=\"wppizza-article-1-34-8281-1-0\" class=\"wppizza-article-h2\"><span class=\"wppizza-article-title\">Suplemento Infusi\u00f3n Doble<\/span><\/h2><div id=\"wppizza-article-sizes-8281\" class=\"wppizza-article-sizes wppizza-article-prices-1\"><ul><li id=\"wppizza-article-prices-8281\" class=\"wppizza-article-prices\" ><ul><li id=\"wppizza-1-34-8281-1-0\" class=\"wppizza-article-price wppizza-article-price-1-0 wppizza-price-8281-0 wppizza-article-price-viewonly\"   data-id=\"1.34.8281.1.0\" ><span class=\"\">0,50 \u20ac<\/span><div class=\"wppizza-article-size wppizza-no-cart\">Bar<\/div><\/li><li id=\"wppizza-1-34-8281-1-1\" class=\"wppizza-article-price wppizza-article-price-1-1 wppizza-price-8281-1 wppizza-article-price-viewonly\"   data-id=\"1.34.8281.1.1\" ><span class=\"\">0,50 \u20ac<\/span><div class=\"wppizza-article-size wppizza-no-cart\">Terraza<\/div><\/li><\/ul><\/li><\/ul><\/div><p id=\"wppizza-article-content-8281\" class=\"wppizza-article-content\"><\/p><\/article><article id=\"post-8286\" class=\"wppizza-article wppizza-article-grid  wppizza-article-last wppizza-article-cafes wppizza-article-cafes-34 wppizza_menu-cafes wppizza_menu-term-34 entry-content post-8286 wppizza type-wppizza status-publish hentry\"><h2 id=\"wppizza-article-1-34-8286-1-0\" class=\"wppizza-article-h2\"><span class=\"wppizza-article-title\">TE CHAI | TE MATCHA LATTE<\/span><\/h2><div id=\"wppizza-article-sizes-8286\" class=\"wppizza-article-sizes wppizza-article-prices-1\"><ul><li id=\"wppizza-article-prices-8286\" class=\"wppizza-article-prices\" ><ul><li id=\"wppizza-1-34-8286-1-0\" class=\"wppizza-article-price wppizza-article-price-1-0 wppizza-price-8286-0 wppizza-article-price-viewonly\"   data-id=\"1.34.8286.1.0\" ><span class=\"\">4,00 \u20ac<\/span><div class=\"wppizza-article-size wppizza-no-cart\">Bar<\/div><\/li><li id=\"wppizza-1-34-8286-1-1\" class=\"wppizza-article-price wppizza-article-price-1-1 wppizza-price-8286-1 wppizza-article-price-viewonly\"   data-id=\"1.34.8286.1.1\" ><span class=\"\">7,00 \u20ac<\/span><div class=\"wppizza-article-size wppizza-no-cart\">Terraza<\/div><\/li><\/ul><\/li><\/ul><\/div><p id=\"wppizza-article-content-8286\" class=\"wppizza-article-content\"><\/p><\/article><\/section>\t\t\t\t\t\t\t\t<\/div>\n\t\t\t\t<\/div>\n\t\t\t\t\t<\/div>\n\t\t<\/div>\n\t\t\t\t\t<\/div>\n\t\t<\/section>\n\t\t\t\t<section class=\"elementor-section elementor-top-section elementor-element elementor-element-21f5671 elementor-section-full_width elementor-section-height-default elementor-section-height-default\" data-id=\"21f5671\" data-element_type=\"section\">\n\t\t\t\t\t\t<div class=\"elementor-container elementor-column-gap-default\">\n\t\t\t\t\t<div class=\"elementor-column elementor-col-100 elementor-top-column elementor-element elementor-element-2e21996\" data-id=\"2e21996\" data-element_type=\"column\">\n\t\t\t<div class=\"elementor-widget-wrap elementor-element-populated\">\n\t\t\t\t\t\t<div class=\"elementor-element elementor-element-2ded684 elementor-widget elementor-widget-text-editor\" data-id=\"2ded684\" data-element_type=\"widget\" data-widget_type=\"text-editor.default\">\n\t\t\t\t<div class=\"elementor-widget-container\">\n\t\t\t\t\t\t\t\t\t<h6><em>\u00a0<\/em><\/h6><p><em>SUPLEMENTO SERVICIO HABITACIONES: 3.50\u20ac POR COMANDA<\/em><\/p><p>\u00a0ROOM SERVICE SUPPLEMENT: 3.50\u20ac PER ORDER<\/p><p>\u00a0<\/p><p>SERVICIO DE HABITACIONES DE 10:30 A 22:00<\/p><p>ROOM SERVICE FROM 10:30 TO 22:00<\/p>\t\t\t\t\t\t\t\t<\/div>\n\t\t\t\t<\/div>\n\t\t\t\t\t<\/div>\n\t\t<\/div>\n\t\t\t\t\t<\/div>\n\t\t<\/section>\n\t\t\t\t<\/div>\n\t\t","protected":false},"excerpt":{"rendered":"<p>\u00a0 EL PRECIO DE \u00abTERRAZA\u00bb APLICA DURANTE EL PERIODO DE ACTUACIONES EN VIVO PARA CLIENTES NO ALOJADOS | \u201cTERRACE\u201d PRICE APPLIES DURING LIVE SHOWS FOR NON RESIDENTS &nbsp;LAS LECHES DE SOJA, ALMENDRA, DE AVENA Y SIN LACTOSA TENDR\u00c1N UN SUPLEMENTO DE 0.30\u20ac&nbsp; SOYA, ALMOND,&nbsp; OAT AND LACTOSE-FREE MILK CARRY A 0.30\u20ac SURCHARGE \u00a0 SUPLEMENTO SERVICIO [&hellip;]<\/p>\n","protected":false},"author":1,"featured_media":0,"parent":0,"menu_order":0,"comment_status":"closed","ping_status":"closed","template":"","meta":{"site-sidebar-layout":"default","site-content-layout":"","ast-site-content-layout":"default","site-content-style":"default","site-sidebar-style":"default","ast-global-header-display":"","ast-banner-title-visibility":"","ast-main-header-display":"","ast-hfb-above-header-display":"","ast-hfb-below-header-display":"","ast-hfb-mobile-header-display":"","site-post-title":"","ast-breadcrumbs-content":"","ast-featured-img":"","footer-sml-layout":"","theme-transparent-header-meta":"","adv-header-id-meta":"","stick-header-meta":"","header-above-stick-meta":"","header-main-stick-meta":"","header-below-stick-meta":"","astra-migrate-meta-layouts":"default","ast-page-background-enabled":"default","ast-page-background-meta":{"desktop":{"background-color":"var(--ast-global-color-4)","background-image":"","background-repeat":"repeat","background-position":"center center","background-size":"auto","background-attachment":"scroll","background-type":"","background-media":"","overlay-type":"","overlay-color":"","overlay-opacity":"","overlay-gradient":""},"tablet":{"background-color":"","background-image":"","background-repeat":"repeat","background-position":"center center","background-size":"auto","background-attachment":"scroll","background-type":"","background-media":"","overlay-type":"","overlay-color":"","overlay-opacity":"","overlay-gradient":""},"mobile":{"background-color":"","background-image":"","background-repeat":"repeat","background-position":"center center","background-size":"auto","background-attachment":"scroll","background-type":"","background-media":"","overlay-type":"","overlay-color":"","overlay-opacity":"","overlay-gradient":""}},"ast-content-background-meta":{"desktop":{"background-color":"var(--ast-global-color-5)","background-image":"","background-repeat":"repeat","background-position":"center center","background-size":"auto","background-attachment":"scroll","background-type":"","background-media":"","overlay-type":"","overlay-color":"","overlay-opacity":"","overlay-gradient":""},"tablet":{"background-color":"var(--ast-global-color-5)","background-image":"","background-repeat":"repeat","background-position":"center center","background-size":"auto","background-attachment":"scroll","background-type":"","background-media":"","overlay-type":"","overlay-color":"","overlay-opacity":"","overlay-gradient":""},"mobile":{"background-color":"var(--ast-global-color-5)","background-image":"","background-repeat":"repeat","background-position":"center center","background-size":"auto","background-attachment":"scroll","background-type":"","background-media":"","overlay-type":"","overlay-color":"","overlay-opacity":"","overlay-gradient":""}},"footnotes":""},"class_list":["post-798","page","type-page","status-publish","hentry"],"_links":{"self":[{"href":"https:\/\/cartamenumovil.com\/hotelcimbel\/wp-json\/wp\/v2\/pages\/798","targetHints":{"allow":["GET"]}}],"collection":[{"href":"https:\/\/cartamenumovil.com\/hotelcimbel\/wp-json\/wp\/v2\/pages"}],"about":[{"href":"https:\/\/cartamenumovil.com\/hotelcimbel\/wp-json\/wp\/v2\/types\/page"}],"author":[{"embeddable":true,"href":"https:\/\/cartamenumovil.com\/hotelcimbel\/wp-json\/wp\/v2\/users\/1"}],"replies":[{"embeddable":true,"href":"https:\/\/cartamenumovil.com\/hotelcimbel\/wp-json\/wp\/v2\/comments?post=798"}],"version-history":[{"count":44,"href":"https:\/\/cartamenumovil.com\/hotelcimbel\/wp-json\/wp\/v2\/pages\/798\/revisions"}],"predecessor-version":[{"id":8427,"href":"https:\/\/cartamenumovil.com\/hotelcimbel\/wp-json\/wp\/v2\/pages\/798\/revisions\/8427"}],"wp:attachment":[{"href":"https:\/\/cartamenumovil.com\/hotelcimbel\/wp-json\/wp\/v2\/media?parent=798"}],"curies":[{"name":"wp","href":"https:\/\/api.w.org\/{rel}","templated":true}]}}